{"id":4580,"date":"2025-11-05T17:16:01","date_gmt":"2025-11-05T17:16:01","guid":{"rendered":"https:\/\/zalakaros.ap4.hu\/?page_id=4580"},"modified":"2025-11-06T08:44:33","modified_gmt":"2025-11-06T08:44:33","slug":"helyi-valasztasi-iroda-tagjainak-elerhetosegei","status":"publish","type":"page","link":"https:\/\/zalakaros.ap4.hu\/en\/onkormanyzat\/valasztasok\/helyi-valasztasi-iroda-tagjainak-elerhetosegei\/","title":{"rendered":"Helyi V\u00e1laszt\u00e1si Iroda tagjainak el\u00e9rhet\u0151s\u00e9gei"},"content":{"rendered":"<div data-elementor-type=\"wp-page\" data-elementor-id=\"4580\" class=\"elementor elementor-4580\" data-elementor-post-type=\"page\">\n\t\t\t\t<div class=\"elementor-element elementor-element-3a1956a e-flex e-con-boxed e-con e-parent\" data-id=\"3a1956a\" data-element_type=\"container\" data-e-type=\"container\">\n\t\t\t\t\t<div class=\"e-con-inner\">\n\t\t\t\t<div class=\"elementor-element elementor-element-168ae2e elementor-widget elementor-widget-text-editor\" data-id=\"168ae2e\" data-element_type=\"widget\" data-e-type=\"widget\" data-widget_type=\"text-editor.default\">\n\t\t\t\t\t\t\t\t\t<div class=\"table-responsive\"><table class=\"table table-bordered table-striped\"><thead><tr><th><strong>HVI vezet\u0151<\/strong><\/th><th><strong>El\u00e9rhet\u0151s\u00e9gek<\/strong><\/th><\/tr><\/thead><tbody><tr><td>Torma L\u00e1szl\u00f3\u00a0 \u00a0 \u00a0 \u00a0 \u00a0 \u00a0\u00a0<\/td><td>(93)340-100\/104<br \/><a href=\"https:\/\/onkormanyzat.zalakaros.hu\/aljegyzo@zalakaros.hu\" target=\"_blank\" rel=\"noopener\">aljegyzo@zalakaros.hu<\/a><\/td><\/tr><\/tbody><\/table><\/div><p>\u00a0<\/p><p>\u00a0<\/p><div class=\"table-responsive\"><table class=\"table table-bordered table-striped\"><thead><tr><th><strong>HVI vezet\u0151 helyettes<\/strong><\/th><th><strong>El\u00e9rhet\u0151s\u00e9gek<\/strong><\/th><\/tr><\/thead><tbody><tr><td>S\u00e1rempekn\u00e9 Bakonyi Judit<\/td><td>(93) 340-100\/112<br \/><a href=\"mailto:aljegyzo@zalakaros.hu\">hatosag@zalakaros.hu<\/a><\/td><\/tr><\/tbody><\/table><\/div><p>\u00a0<\/p><p>\u00a0<\/p><div class=\"table-responsive\"><table class=\"table table-bordered table-striped\"><thead><tr><th><strong>HVI munkat\u00e1rsak<\/strong><\/th><th><strong>El\u00e9rhet\u0151s\u00e9gek<\/strong><\/th><\/tr><\/thead><tbody><tr><td>B\u00e1nyai Edit<\/td><td>(93) 340-100\/115<br \/><a href=\"https:\/\/onkormanyzat.zalakaros.hu\/asszisztens@zalakaros.hu\" target=\"_blank\" rel=\"noopener\">asszisztens@zalakaros.hu<\/a><\/td><\/tr><tr><td>F\u00fcl\u00f6p Attil\u00e1n\u00e9<\/td><td><p>(93) 340-100\/110<br \/><a href=\"mailto:penzugy2@zalakaros.hu\">penzugy2@zalakaros.hu<\/a><\/p><\/td><\/tr><tr><td><strong>Jegyz\u0151k\u00f6nyvvezet\u0151k<\/strong><\/td><td><p>\u00a0<\/p><\/td><\/tr><tr><td>\u00a0Horv\u00e1thn\u00e9 Juh\u00e1sz Barbara<\/td><td><p>(93) 340-100\/102<br \/><a href=\"mailto:penzugy2@zalakaros.hu\">penzugy@zalakaros.hu<\/a><\/p><\/td><\/tr><tr><td>Magyarn\u00e9 Mazzag Nikoletta<\/td><td>(93) 340-100\/105<br \/><a href=\"https:\/\/onkormanyzat.zalakaros.hu\/adohatosag@zalakaros.hu\" target=\"_blank\" rel=\"noopener\">adohatosag@zalakaros.hu<\/a><\/td><\/tr><tr><td>Bogn\u00e1r Ott\u00f3 P\u00e9ter<\/td><td>(93) 340-100\/119<br \/><a href=\"https:\/\/onkormanyzat.zalakaros.hu\/beruhazas@zalakaros.hu\" target=\"_blank\" rel=\"noopener\">tuzemeltetes@zalakaros.hu<\/a><\/td><\/tr><\/tbody><\/table><\/div><p>\u00a0<\/p><p>\u00a0<\/p><p><strong>Levelez\u00e9si c\u00edm: 8749 Zalakaros, Gy\u00f3gyf\u00fcrd\u0151 t\u00e9r 1.<\/strong><\/p><p><strong>Elektronikus levelez\u00e9si c\u00edmek:<\/strong><\/p><ul><li>N\u00e9vjegyz\u00e9kkel, \u00e1tjelentkez\u00e9ssel kapcsolatos k\u00e9rd\u00e9sek:\u00a0<a href=\"mailto:hatosag@zalakaros.hu\">hatosag@zalakaros.hu<\/a><\/li><li>Egy\u00e9b v\u00e1laszt\u00e1ssal kapcsolatos k\u00e9rd\u00e9sekben:\u00a0<a href=\"mailto:human@zalakaros.hu,\">asszisztens@zalakaros.hu<\/a>\u00a0<\/li><\/ul>\t\t\t\t\t\t\t\t<\/div>\n\t\t\t\t\t<\/div>\n\t\t\t\t<\/div>\n\t\t\t\t<\/div>","protected":false},"excerpt":{"rendered":"<p>HVI vezet\u0151 El\u00e9rhet\u0151s\u00e9gek Torma L\u00e1szl\u00f3\u00a0 \u00a0 \u00a0 \u00a0 \u00a0 \u00a0\u00a0 (93)340-100\/104aljegyzo@zalakaros.hu \u00a0 \u00a0 HVI vezet\u0151 helyettes El\u00e9rhet\u0151s\u00e9gek S\u00e1rempekn\u00e9 Bakonyi Judit (93) 340-100\/112hatosag@zalakaros.hu \u00a0 \u00a0 HVI munkat\u00e1rsak El\u00e9rhet\u0151s\u00e9gek B\u00e1nyai Edit (93) [&hellip;]<\/p>\n","protected":false},"author":1,"featured_media":0,"parent":4595,"menu_order":0,"comment_status":"closed","ping_status":"closed","template":"","meta":{"_acf_changed":false,"footnotes":""},"class_list":["post-4580","page","type-page","status-publish","hentry"],"acf":[],"_links":{"self":[{"href":"https:\/\/zalakaros.ap4.hu\/en\/wp-json\/wp\/v2\/pages\/4580","targetHints":{"allow":["GET"]}}],"collection":[{"href":"https:\/\/zalakaros.ap4.hu\/en\/wp-json\/wp\/v2\/pages"}],"about":[{"href":"https:\/\/zalakaros.ap4.hu\/en\/wp-json\/wp\/v2\/types\/page"}],"author":[{"embeddable":true,"href":"https:\/\/zalakaros.ap4.hu\/en\/wp-json\/wp\/v2\/users\/1"}],"replies":[{"embeddable":true,"href":"https:\/\/zalakaros.ap4.hu\/en\/wp-json\/wp\/v2\/comments?post=4580"}],"version-history":[{"count":4,"href":"https:\/\/zalakaros.ap4.hu\/en\/wp-json\/wp\/v2\/pages\/4580\/revisions"}],"predecessor-version":[{"id":4584,"href":"https:\/\/zalakaros.ap4.hu\/en\/wp-json\/wp\/v2\/pages\/4580\/revisions\/4584"}],"up":[{"embeddable":true,"href":"https:\/\/zalakaros.ap4.hu\/en\/wp-json\/wp\/v2\/pages\/4595"}],"wp:attachment":[{"href":"https:\/\/zalakaros.ap4.hu\/en\/wp-json\/wp\/v2\/media?parent=4580"}],"curies":[{"name":"wp","href":"https:\/\/api.w.org\/{rel}","templated":true}]}}