{"id":4227,"date":"2025-10-31T10:08:33","date_gmt":"2025-10-31T10:08:33","guid":{"rendered":"https:\/\/zalakaros.ap4.hu\/?page_id=4227"},"modified":"2025-10-31T10:22:30","modified_gmt":"2025-10-31T10:22:30","slug":"polgarmesteri-koszonto","status":"publish","type":"page","link":"https:\/\/zalakaros.ap4.hu\/en\/onkormanyzat\/polgarmesteri-koszonto\/","title":{"rendered":"Polg\u00e1rmesteri k\u00f6sz\u00f6nt\u0151"},"content":{"rendered":"\t\t<div data-elementor-type=\"wp-page\" data-elementor-id=\"4227\" class=\"elementor elementor-4227\" data-elementor-post-type=\"page\">\n\t\t\t\t<div class=\"elementor-element elementor-element-8f296a5 e-flex e-con-boxed e-con e-parent\" data-id=\"8f296a5\" data-element_type=\"container\" data-e-type=\"container\">\n\t\t\t\t\t<div class=\"e-con-inner\">\n\t\t\t\t<div class=\"elementor-element elementor-element-1237da3 elementor-widget elementor-widget-icon-box\" data-id=\"1237da3\" data-element_type=\"widget\" data-e-type=\"widget\" data-widget_type=\"icon-box.default\">\n\t\t\t\t\t\t\t<div class=\"elementor-icon-box-wrapper\">\n\n\t\t\t\n\t\t\t\t\t\t<div class=\"elementor-icon-box-content\">\n\n\t\t\t\t\t\t\t\t\t<h3 class=\"elementor-icon-box-title\">\n\t\t\t\t\t\t<span  >\n\t\t\t\t\t\t\tTisztelt L\u00e1togat\u00f3ink!\t\t\t\t\t\t<\/span>\n\t\t\t\t\t<\/h3>\n\t\t\t\t\n\t\t\t\t\t\t\t\t\t<p class=\"elementor-icon-box-description\">\n\t\t\t\t\t\tSzeretettel k\u00f6sz\u00f6nt\u00f6m \u00d6n\u00f6ket v\u00e1rosunk honlapj\u00e1n!\t\t\t\t\t<\/p>\n\t\t\t\t\n\t\t\t<\/div>\n\t\t\t\n\t\t<\/div>\n\t\t\t\t\t\t<\/div>\n\t\t\t\t\t<\/div>\n\t\t\t\t<\/div>\n\t\t<div class=\"elementor-element elementor-element-ef20469 e-flex e-con-boxed e-con e-parent\" data-id=\"ef20469\" data-element_type=\"container\" data-e-type=\"container\" data-settings=\"{&quot;background_background&quot;:&quot;classic&quot;}\">\n\t\t\t\t\t<div class=\"e-con-inner\">\n\t\t<div class=\"elementor-element elementor-element-a84aade e-con-full e-flex e-con e-child\" data-id=\"a84aade\" data-element_type=\"container\" data-e-type=\"container\">\n\t\t\t\t<div class=\"elementor-element elementor-element-380c2ef elementor-absolute elementor-widget elementor-widget-text-path\" data-id=\"380c2ef\" data-element_type=\"widget\" data-e-type=\"widget\" data-settings=\"{&quot;text&quot;:&quot; - Zalakaros v\\u00e1ros polg\\u00e1rmestere  - Zalakaros v\\u00e1ros polg\\u00e1rmestere &quot;,&quot;_position&quot;:&quot;absolute&quot;,&quot;motion_fx_motion_fx_scrolling&quot;:&quot;yes&quot;,&quot;motion_fx_rotateZ_effect&quot;:&quot;yes&quot;,&quot;motion_fx_rotateZ_direction&quot;:&quot;negative&quot;,&quot;motion_fx_rotateZ_speed&quot;:{&quot;unit&quot;:&quot;px&quot;,&quot;size&quot;:3,&quot;sizes&quot;:[]},&quot;link&quot;:{&quot;url&quot;:&quot;&quot;,&quot;is_external&quot;:&quot;&quot;,&quot;nofollow&quot;:&quot;&quot;,&quot;custom_attributes&quot;:&quot;&quot;},&quot;start_point&quot;:{&quot;unit&quot;:&quot;%&quot;,&quot;size&quot;:0,&quot;sizes&quot;:[]},&quot;motion_fx_rotateZ_affectedRange&quot;:{&quot;unit&quot;:&quot;%&quot;,&quot;size&quot;:&quot;&quot;,&quot;sizes&quot;:{&quot;start&quot;:0,&quot;end&quot;:100}},&quot;motion_fx_devices&quot;:[&quot;desktop&quot;,&quot;tablet&quot;,&quot;mobile&quot;]}\" data-widget_type=\"text-path.default\">\n\t\t\t\t\t\t\t<div class=\"e-text-path\" data-text=\" - Zalakaros v&aacute;ros polg&aacute;rmestere  - Zalakaros v&aacute;ros polg&aacute;rmestere \" data-url=\"\/\/zalakaros.ap4.hu\/wp-content\/plugins\/elementor\/assets\/svg-paths\/circle.svg\" data-link-url=\"\"><\/div>\n\t\t\t\t\t\t<\/div>\n\t\t\t\t<div class=\"elementor-element elementor-element-06f29b2 elementor-widget-mobile__width-inherit elementor-widget elementor-widget-image\" data-id=\"06f29b2\" data-element_type=\"widget\" data-e-type=\"widget\" data-widget_type=\"image.default\">\n\t\t\t\t\t\t\t\t\t\t\t\t\t\t\t<img fetchpriority=\"high\" decoding=\"async\" width=\"313\" height=\"450\" src=\"https:\/\/zalakaros.ap4.hu\/wp-content\/uploads\/2025\/09\/czirakine_pakular_judit1.0.jpg\" class=\"attachment-full size-full wp-image-300\" alt=\"\" srcset=\"https:\/\/zalakaros.ap4.hu\/wp-content\/uploads\/2025\/09\/czirakine_pakular_judit1.0.jpg 313w, https:\/\/zalakaros.ap4.hu\/wp-content\/uploads\/2025\/09\/czirakine_pakular_judit1.0-209x300.jpg 209w\" sizes=\"(max-width: 313px) 100vw, 313px\" \/>\t\t\t\t\t\t\t\t\t\t\t\t\t\t\t<\/div>\n\t\t\t\t<div class=\"elementor-element elementor-element-7758e49 elementor-align-right elementor-mobile-align-center elementor-widget elementor-widget-button\" data-id=\"7758e49\" data-element_type=\"widget\" data-e-type=\"widget\" data-widget_type=\"button.default\">\n\t\t\t\t\t\t\t\t\t\t<a class=\"elementor-button elementor-button-link elementor-size-sm\" href=\"#elementor-action%3Aaction%3Dlightbox%26settings%3DeyJ0eXBlIjoidmlkZW8iLCJ2aWRlb1R5cGUiOiJ5b3V0dWJlIiwidXJsIjoiaHR0cHM6XC9cL3d3dy55b3V0dWJlLmNvbVwvZW1iZWRcLzMwYlkxbTVWejZvP2ZlYXR1cmU9b2VtYmVkIn0%3D\">\n\t\t\t\t\t\t<span class=\"elementor-button-content-wrapper\">\n\t\t\t\t\t\t<span class=\"elementor-button-icon\">\n\t\t\t\t<svg aria-hidden=\"true\" class=\"e-font-icon-svg e-far-play-circle\" viewBox=\"0 0 512 512\" xmlns=\"http:\/\/www.w3.org\/2000\/svg\"><path d=\"M371.7 238l-176-107c-15.8-8.8-35.7 2.5-35.7 21v208c0 18.4 19.8 29.8 35.7 21l176-101c16.4-9.1 16.4-32.8 0-42zM504 256C504 119 393 8 256 8S8 119 8 256s111 248 248 248 248-111 248-248zm-448 0c0-110.5 89.5-200 200-200s200 89.5 200 200-89.5 200-200 200S56 366.5 56 256z\"><\/path><\/svg>\t\t\t<\/span>\n\t\t\t\t\t\t\t\t\t<span class=\"elementor-button-text\">Zalakaros V\u00e1rosi kisfilm<\/span>\n\t\t\t\t\t<\/span>\n\t\t\t\t\t<\/a>\n\t\t\t\t\t\t\t\t<\/div>\n\t\t\t\t<\/div>\n\t\t<div class=\"elementor-element elementor-element-4824187 e-con-full e-flex e-con e-child\" data-id=\"4824187\" data-element_type=\"container\" data-e-type=\"container\">\n\t\t\t\t<div class=\"elementor-element elementor-element-06afa27 elementor-widget elementor-widget-text-editor\" data-id=\"06afa27\" data-element_type=\"widget\" data-e-type=\"widget\" data-widget_type=\"text-editor.default\">\n\t\t\t\t\t\t\t\t\t<p>Tisztelettel \u00e9s szeretettel k\u00f6sz\u00f6nt\u00f6m \u00d6n\u00f6ket Zalakaros v\u00e1ros \u00f6nkorm\u00e1nyzati honlapj\u00e1n. Ezt a honlapot az\u00e9rt hoztuk l\u00e9tre \u00e9s m\u0171k\u00f6dtetj\u00fck, friss\u00edtj\u00fck, hogy \u00d6n\u00f6ket megfelel\u0151 inform\u00e1ci\u00f3kkal tudjuk ell\u00e1tni a telep\u00fcl\u00e9s \u00e9let\u00e9t, t\u00f6rt\u00e9n\u00e9seit illet\u0151en. Hogy megtal\u00e1lj\u00e1k int\u00e9zm\u00e9nyeink, szervezeteink el\u00e9rhet\u0151s\u00e9geit, hogy t\u00e1j\u00e9koz\u00f3dhassanak a telep\u00fcl\u00e9s \u00e9let\u00e9re is hat\u00e1ssal l\u00e9v\u0151 p\u00e1ly\u00e1zatainkr\u00f3l, az \u00f6nkorm\u00e1nyzat felh\u00edv\u00e1sair\u00f3l, a k\u00e9pvisel\u0151-test\u00fclet d\u00f6nt\u00e9seir\u0151l. Igyeksz\u00fcnk naprak\u00e9sz honlappal seg\u00edteni a t\u00e1j\u00e9koz\u00f3d\u00e1st. <br \/>Hiszem, hogy a folyamatos, nyitott, \u0151szinte kommunik\u00e1ci\u00f3 az az alap, melyen j\u00f3 kapcsolatokat alak\u00edthatunk ki egym\u00e1ssal. Hiszek abban, hogy a folyamatos t\u00e1j\u00e9koztat\u00e1s, a p\u00e1rbesz\u00e9dre val\u00f3 nyitotts\u00e1g seg\u00edti \u00f6nkorm\u00e1nyzatunk munk\u00e1j\u00e1t \u00e9s seg\u00edt abban, hogy \u00d6n\u00f6k mind komfortosabban \u00e9rezz\u00e9k magunkat v\u00e1rosunkban, \u00e9s \u00e9rezz\u00e9k: ez a telep\u00fcl\u00e9s val\u00f3ban az \u00d6n\u00f6k\u00e9!<\/p><p>\u00d6r\u00f6m sz\u00e1momra, hogy Zalakaroson sok civil szervezet, alap\u00edtv\u00e1ny, egyes\u00fclet szorgoskodik, melyek egym\u00e1ssal \u00e9s az \u00f6nkorm\u00e1nyzattal is szoros kapcsolatot \u00e1polnak. Hiszem, hogy \u00e9ppen ez visz el\u0151bbre benn\u00fcnket: a k\u00f6z\u00f6s munka, a tenni akar\u00e1s, a telep\u00fcl\u00e9s\u00fcnk szeretete.<br \/><br \/>\u201eAz ember csak ott van otthon, ahol egy darab f\u00f6ld, egy sz\u00edv, vagy egy h\u00e1z az \u00f6v\u00e9.\u201d \u2013 \u00edrja Galg\u00f3czi Erzs\u00e9bet, \u00e9s mennyire igaza van! Hiszem, hogy Zalakaroson mi, itt \u00e9l\u0151k mindannyian otthon vagyunk, ezt a telep\u00fcl\u00e9st valamennyien magunk\u00e9nak \u00e9rezz\u00fck, \u00e9s nem egym\u00e1st\u00f3l v\u00e1rjuk annak fejleszt\u00e9s\u00e9t, el\u0151rejut\u00e1s\u00e1t, hanem egym\u00e1ssal kar\u00f6ltve, egy\u00fctt tesz\u00fcnk ez\u00e9rt a mi gy\u00f6ny\u00f6r\u0171 kisv\u00e1rosunk\u00e9rt!<br \/>K\u00e9rem, \u201elapozz\u00e1k\u201d b\u00e1tran ezt az oldalt, de arra biztatom \u00d6n\u00f6ket, hogy \u00f6nkorm\u00e1nyzatunk facebook-oldal\u00e1t is keress\u00e9k fel, hiszen a napi inform\u00e1ci\u00f3inkat ott is nyomon k\u00f6vethetik!<\/p><p>Tisztelettel:<\/p>\t\t\t\t\t\t\t\t<\/div>\n\t\t\t\t<div class=\"elementor-element elementor-element-4d11260 elementor-widget elementor-widget-icon-box\" data-id=\"4d11260\" data-element_type=\"widget\" data-e-type=\"widget\" data-widget_type=\"icon-box.default\">\n\t\t\t\t\t\t\t<div class=\"elementor-icon-box-wrapper\">\n\n\t\t\t\n\t\t\t\t\t\t<div class=\"elementor-icon-box-content\">\n\n\t\t\t\t\t\t\t\t\t<h3 class=\"elementor-icon-box-title\">\n\t\t\t\t\t\t<span  >\n\t\t\t\t\t\t\tCzir\u00e1kin\u00e9 Pakul\u00e1r Judit\t\t\t\t\t\t<\/span>\n\t\t\t\t\t<\/h3>\n\t\t\t\t\n\t\t\t\t\t\t\t\t\t<p class=\"elementor-icon-box-description\">\n\t\t\t\t\t\tZalakaros V\u00e1ros Polg\u00e1rmestere\t\t\t\t\t<\/p>\n\t\t\t\t\n\t\t\t<\/div>\n\t\t\t\n\t\t<\/div>\n\t\t\t\t\t\t<\/div>\n\t\t\t\t<\/div>\n\t\t\t\t\t<\/div>\n\t\t\t\t<\/div>\n\t\t\t\t<\/div>\n\t\t","protected":false},"excerpt":{"rendered":"<p>Tisztelt L\u00e1togat\u00f3ink! Szeretettel k\u00f6sz\u00f6nt\u00f6m \u00d6n\u00f6ket v\u00e1rosunk honlapj\u00e1n! Zalakaros V\u00e1rosi kisfilm Tisztelettel \u00e9s szeretettel k\u00f6sz\u00f6nt\u00f6m \u00d6n\u00f6ket Zalakaros v\u00e1ros \u00f6nkorm\u00e1nyzati honlapj\u00e1n. Ezt a honlapot az\u00e9rt hoztuk l\u00e9tre \u00e9s m\u0171k\u00f6dtetj\u00fck, friss\u00edtj\u00fck, hogy \u00d6n\u00f6ket [&hellip;]<\/p>\n","protected":false},"author":1,"featured_media":0,"parent":1710,"menu_order":0,"comment_status":"closed","ping_status":"closed","template":"","meta":{"_acf_changed":false,"footnotes":""},"class_list":["post-4227","page","type-page","status-publish","hentry"],"acf":[],"_links":{"self":[{"href":"https:\/\/zalakaros.ap4.hu\/en\/wp-json\/wp\/v2\/pages\/4227","targetHints":{"allow":["GET"]}}],"collection":[{"href":"https:\/\/zalakaros.ap4.hu\/en\/wp-json\/wp\/v2\/pages"}],"about":[{"href":"https:\/\/zalakaros.ap4.hu\/en\/wp-json\/wp\/v2\/types\/page"}],"author":[{"embeddable":true,"href":"https:\/\/zalakaros.ap4.hu\/en\/wp-json\/wp\/v2\/users\/1"}],"replies":[{"embeddable":true,"href":"https:\/\/zalakaros.ap4.hu\/en\/wp-json\/wp\/v2\/comments?post=4227"}],"version-history":[{"count":10,"href":"https:\/\/zalakaros.ap4.hu\/en\/wp-json\/wp\/v2\/pages\/4227\/revisions"}],"predecessor-version":[{"id":4241,"href":"https:\/\/zalakaros.ap4.hu\/en\/wp-json\/wp\/v2\/pages\/4227\/revisions\/4241"}],"up":[{"embeddable":true,"href":"https:\/\/zalakaros.ap4.hu\/en\/wp-json\/wp\/v2\/pages\/1710"}],"wp:attachment":[{"href":"https:\/\/zalakaros.ap4.hu\/en\/wp-json\/wp\/v2\/media?parent=4227"}],"curies":[{"name":"wp","href":"https:\/\/api.w.org\/{rel}","templated":true}]}}