{"id":3702,"date":"2025-10-29T14:58:31","date_gmt":"2025-10-29T14:58:31","guid":{"rendered":"https:\/\/zalakaros.ap4.hu\/?page_id=3702"},"modified":"2025-11-06T16:45:22","modified_gmt":"2025-11-06T16:45:22","slug":"szervezeti-egysegek","status":"publish","type":"page","link":"https:\/\/zalakaros.ap4.hu\/en\/onkormanyzat\/kozos-onkormanyzati-hivatal\/szervezeti-egysegek\/","title":{"rendered":"Szervezeti egys\u00e9gek"},"content":{"rendered":"<div data-elementor-type=\"wp-page\" data-elementor-id=\"3702\" class=\"elementor elementor-3702\" data-elementor-post-type=\"page\">\n\t\t\t\t<div class=\"elementor-element elementor-element-7a7497f e-flex e-con-boxed e-con e-parent\" data-id=\"7a7497f\" data-element_type=\"container\" data-e-type=\"container\">\n\t\t\t\t\t<div class=\"e-con-inner\">\n\t\t\t\t<div class=\"elementor-element elementor-element-eb88db1 elementor-widget elementor-widget-text-editor\" data-id=\"eb88db1\" data-element_type=\"widget\" data-e-type=\"widget\" data-widget_type=\"text-editor.default\">\n\t\t\t\t\t\t\t\t\t<h4>A k\u00f6zfeladatot ell\u00e1t\u00f3 szerv vezet\u0151inek \u00e9s az egyes szervezeti egys\u00e9gek vezet\u0151inek neve, beoszt\u00e1sa, el\u00e9rhet\u0151s\u00e9ge<\/h4><div class=\"table-responsive\"><table class=\"table table-bordered table-striped\"><thead><tr><th><strong>N\u00e9v<\/strong><\/th><th><strong>Beoszt\u00e1s<\/strong><\/th><th><strong>Mell\u00e9k<\/strong><\/th><th><strong>F\u0151vonal\/ 93<\/strong><\/th><th><strong>E-mail<\/strong><\/th><\/tr><\/thead><tbody><tr><td>Judit Czir\u00e1kin\u00e9 Pakul\u00e1r<\/td><td>polg\u00e1rmester<\/td><td>&#8211;<br \/>108<\/td><td><p>340-103<\/p><\/td><td><a href=\"mailto:polgarmester@zalakaros.hu\">polgarmester@zalakaros.hu<\/a><\/td><\/tr><tr><td>Tulok Anett<\/td><td>jegyz\u0151<\/td><td>&#8211;<br \/>111<\/td><td>540-062<br \/>340-100<\/td><td><a href=\"mailto:jegyzo@zalakaros.hu\">jegyzo@zalakaros.hu<\/a><\/td><\/tr><tr><td>Czimondor N\u00e1ndor<\/td><td>alpolg\u00e1rmester<\/td><td>\u00a0<\/td><td>30\/385-6006<\/td><td><a href=\"mailto:czimondornandor@gmail.com\">czimondornandor@gmail.com<\/a>\u00a0\u00a0<\/td><\/tr><tr><td colspan=\"5\"><strong>Koordin\u00e1ci\u00f3s \u00e9s Hat\u00f3s\u00e1gi oszt\u00e1ly<\/strong><\/td><\/tr><tr><td>Lantos S\u00e1ndor<\/td><td>aljegyz\u0151, oszt\u00e1lyvezet\u0151<\/td><td>&#8211;<br \/>104<\/td><td>540-038<br \/>340-100<\/td><td><a href=\"mailto:aljegyzo@zalakaros.hu\">aljegyzo@zalakaros.hu<\/a><\/td><\/tr><tr><td colspan=\"5\"><strong>\u00a0<\/strong><\/td><\/tr><tr><td colspan=\"5\"><strong>P\u00e9nz\u00fcgyi oszt\u00e1ly<\/strong><\/td><\/tr><tr><td>Vlasicsn\u00e9 Fischl T\u00edmea<\/td><td>p\u00e9nz\u00fcgyi oszt\u00e1lyvezet\u0151<\/td><td>&#8211;<br \/>102<\/td><td>540-039<br \/>340-100<\/td><td><a href=\"mailto:penzugy@zalakaros.hu\">penzugy@zalakaros.hu<\/a><\/td><\/tr><\/tbody><\/table><\/div>\t\t\t\t\t\t\t\t<\/div>\n\t\t\t\t\t<\/div>\n\t\t\t\t<\/div>\n\t\t\t\t<\/div>","protected":false},"excerpt":{"rendered":"<p>A k\u00f6zfeladatot ell\u00e1t\u00f3 szerv vezet\u0151inek \u00e9s az egyes szervezeti egys\u00e9gek vezet\u0151inek neve, beoszt\u00e1sa, el\u00e9rhet\u0151s\u00e9ge N\u00e9v Beoszt\u00e1s Mell\u00e9k F\u0151vonal\/ 93 E-mail Czir\u00e1kin\u00e9 Pakul\u00e1r Judit polg\u00e1rmester &#8211;108 340-103 polgarmester@zalakaros.hu Tulok Anett jegyz\u0151 [&hellip;]<\/p>\n","protected":false},"author":1,"featured_media":0,"parent":3700,"menu_order":0,"comment_status":"closed","ping_status":"closed","template":"","meta":{"_acf_changed":false,"footnotes":""},"class_list":["post-3702","page","type-page","status-publish","hentry"],"acf":[],"_links":{"self":[{"href":"https:\/\/zalakaros.ap4.hu\/en\/wp-json\/wp\/v2\/pages\/3702","targetHints":{"allow":["GET"]}}],"collection":[{"href":"https:\/\/zalakaros.ap4.hu\/en\/wp-json\/wp\/v2\/pages"}],"about":[{"href":"https:\/\/zalakaros.ap4.hu\/en\/wp-json\/wp\/v2\/types\/page"}],"author":[{"embeddable":true,"href":"https:\/\/zalakaros.ap4.hu\/en\/wp-json\/wp\/v2\/users\/1"}],"replies":[{"embeddable":true,"href":"https:\/\/zalakaros.ap4.hu\/en\/wp-json\/wp\/v2\/comments?post=3702"}],"version-history":[{"count":7,"href":"https:\/\/zalakaros.ap4.hu\/en\/wp-json\/wp\/v2\/pages\/3702\/revisions"}],"predecessor-version":[{"id":4797,"href":"https:\/\/zalakaros.ap4.hu\/en\/wp-json\/wp\/v2\/pages\/3702\/revisions\/4797"}],"up":[{"embeddable":true,"href":"https:\/\/zalakaros.ap4.hu\/en\/wp-json\/wp\/v2\/pages\/3700"}],"wp:attachment":[{"href":"https:\/\/zalakaros.ap4.hu\/en\/wp-json\/wp\/v2\/media?parent=3702"}],"curies":[{"name":"wp","href":"https:\/\/api.w.org\/{rel}","templated":true}]}}