{"id":3100,"date":"2025-10-22T09:31:28","date_gmt":"2025-10-22T09:31:28","guid":{"rendered":"https:\/\/zalakaros.ap4.hu\/?page_id=3100"},"modified":"2025-10-29T13:58:19","modified_gmt":"2025-10-29T13:58:19","slug":"borozok","status":"publish","type":"page","link":"https:\/\/zalakaros.ap4.hu\/en\/turizmus\/borozok\/","title":{"rendered":"Borrowers"},"content":{"rendered":"\t\t<div data-elementor-type=\"wp-page\" data-elementor-id=\"3100\" class=\"elementor elementor-3100\" data-elementor-post-type=\"page\">\n\t\t\t\t<div class=\"elementor-element elementor-element-b0adfae e-flex e-con-boxed e-con e-parent\" data-id=\"b0adfae\" data-element_type=\"container\" data-e-type=\"container\">\n\t\t\t\t\t<div class=\"e-con-inner\">\n\t\t\t\t<div class=\"elementor-element elementor-element-a76bd1a elementor-grid-4 elementor-grid-mobile-1 elementor-grid-tablet-2 elementor-widget elementor-widget-loop-grid\" data-id=\"a76bd1a\" data-element_type=\"widget\" data-e-type=\"widget\" data-settings=\"{&quot;template_id&quot;:&quot;478&quot;,&quot;columns&quot;:4,&quot;row_gap&quot;:{&quot;unit&quot;:&quot;px&quot;,&quot;size&quot;:20,&quot;sizes&quot;:[]},&quot;columns_mobile&quot;:1,&quot;row_gap_mobile&quot;:{&quot;unit&quot;:&quot;px&quot;,&quot;size&quot;:20,&quot;sizes&quot;:[]},&quot;_skin&quot;:&quot;post&quot;,&quot;columns_tablet&quot;:&quot;2&quot;,&quot;edit_handle_selector&quot;:&quot;[data-elementor-type=\\&quot;loop-item\\&quot;]&quot;,&quot;row_gap_tablet&quot;:{&quot;unit&quot;:&quot;px&quot;,&quot;size&quot;:&quot;&quot;,&quot;sizes&quot;:[]}}\" data-widget_type=\"loop-grid.post\">\n\t\t\t\t<div class=\"elementor-widget-container\">\n\t\t\t\t\t\t\t<div class=\"elementor-loop-container elementor-grid\" role=\"list\">\n\t\t<style id=\"loop-dynamic-478\">.e-loop-item-253 .elementor-element.elementor-element-2afe9719:not(.elementor-motion-effects-element-type-background), .e-loop-item-253 .elementor-element.elementor-element-2afe9719 > .elementor-motion-effects-container > .elementor-motion-effects-layer{background-image:url(\"https:\/\/zalakaros.ap4.hu\/wp-content\/uploads\/2025\/09\/59a47497aad7e87e8e2ecebc7494ffc8.jpg\");}<\/style><style id=\"loop-478\">.elementor-478 .elementor-element.elementor-element-2afe9719{--display:flex;--min-height:500px;--flex-direction:column;--container-widget-width:100%;--container-widget-height:initial;--container-widget-flex-grow:0;--container-widget-align-self:initial;--flex-wrap-mobile:wrap;--justify-content:flex-end;--gap:15px 15px;--row-gap:15px;--column-gap:15px;--overflow:hidden;--overlay-opacity:0.78;--border-radius:12px 12px 12px 12px;--padding-top:20px;--padding-bottom:20px;--padding-left:20px;--padding-right:20px;}.elementor-478 .elementor-element.elementor-element-2afe9719:not(.elementor-motion-effects-element-type-background), .elementor-478 .elementor-element.elementor-element-2afe9719 > .elementor-motion-effects-container > .elementor-motion-effects-layer{background-position:center center;background-repeat:no-repeat;background-size:cover;}.elementor-478 .elementor-element.elementor-element-2afe9719::before, .elementor-478 .elementor-element.elementor-element-2afe9719 > .elementor-background-video-container::before, .elementor-478 .elementor-element.elementor-element-2afe9719 > .e-con-inner > .elementor-background-video-container::before, .elementor-478 .elementor-element.elementor-element-2afe9719 > .elementor-background-slideshow::before, .elementor-478 .elementor-element.elementor-element-2afe9719 > .e-con-inner > .elementor-background-slideshow::before, .elementor-478 .elementor-element.elementor-element-2afe9719 > .elementor-motion-effects-container > .elementor-motion-effects-layer::before{--background-overlay:'';background-color:transparent;background-image:linear-gradient(180deg, #13121100 0%, #000000 100%);}.elementor-478 .elementor-element.elementor-element-240dc8a1{text-align:start;}.elementor-478 .elementor-element.elementor-element-240dc8a1 .elementor-heading-title{font-family:var( --e-global-typography-06d4a40-font-family ), Sans-serif;font-size:var( --e-global-typography-06d4a40-font-size );font-weight:var( --e-global-typography-06d4a40-font-weight );line-height:var( --e-global-typography-06d4a40-line-height );letter-spacing:var( --e-global-typography-06d4a40-letter-spacing );word-spacing:var( --e-global-typography-06d4a40-word-spacing );color:var( --e-global-color-a24da52 );}.elementor-478 .elementor-element.elementor-element-feacc2f{--display:flex;--flex-direction:row;--container-widget-width:initial;--container-widget-height:100%;--container-widget-flex-grow:1;--container-widget-align-self:stretch;--flex-wrap-mobile:wrap;--justify-content:space-between;--gap:10px 10px;--row-gap:10px;--column-gap:10px;--padding-top:0px;--padding-bottom:0px;--padding-left:0px;--padding-right:0px;}.elementor-478 .elementor-element.elementor-element-c02f6ef .elementor-button{font-family:var( --e-global-typography-5171d03-font-family ), Sans-serif;font-size:var( --e-global-typography-5171d03-font-size );font-weight:var( --e-global-typography-5171d03-font-weight );text-transform:var( --e-global-typography-5171d03-text-transform );line-height:var( --e-global-typography-5171d03-line-height );letter-spacing:var( --e-global-typography-5171d03-letter-spacing );word-spacing:var( --e-global-typography-5171d03-word-spacing );fill:var( --e-global-color-secondary );color:var( --e-global-color-secondary );background-color:#FFFFFF52;border-style:solid;border-width:1px 1px 1px 1px;border-color:#FFFFFF3D;border-radius:100px 100px 100px 100px;padding:10px 10px 10px 10px;}.elementor-478 .elementor-element.elementor-element-c02f6ef .elementor-button:hover, .elementor-478 .elementor-element.elementor-element-c02f6ef .elementor-button:focus{color:var( --e-global-color-2001978 );background-color:var( --e-global-color-secondary );}.elementor-478 .elementor-element.elementor-element-c02f6ef .elementor-button:hover svg, .elementor-478 .elementor-element.elementor-element-c02f6ef .elementor-button:focus svg{fill:var( --e-global-color-2001978 );}.elementor-478 .elementor-element.elementor-element-c02f6ef{padding:0px 0px 0px 0px;width:100%;max-width:100%;}.elementor-478 .elementor-element.elementor-element-893af75 .elementor-button-content-wrapper{flex-direction:row;}.elementor-478 .elementor-element.elementor-element-893af75 .elementor-button{font-family:var( --e-global-typography-5171d03-font-family ), Sans-serif;font-size:var( --e-global-typography-5171d03-font-size );font-weight:var( --e-global-typography-5171d03-font-weight );text-transform:var( --e-global-typography-5171d03-text-transform );line-height:var( --e-global-typography-5171d03-line-height );letter-spacing:var( --e-global-typography-5171d03-letter-spacing );word-spacing:var( --e-global-typography-5171d03-word-spacing );fill:var( --e-global-color-173dc1c );color:var( --e-global-color-173dc1c );background-color:var( --e-global-color-secondary );border-style:solid;border-width:1px 1px 1px 1px;border-color:#FFFFFF3D;border-radius:100px 100px 100px 100px;padding:10px 10px 10px 10px;}.elementor-478 .elementor-element.elementor-element-893af75 .elementor-button:hover, .elementor-478 .elementor-element.elementor-element-893af75 .elementor-button:focus{color:var( --e-global-color-2001978 );background-color:var( --e-global-color-b339786 );}.elementor-478 .elementor-element.elementor-element-893af75 .elementor-button:hover svg, .elementor-478 .elementor-element.elementor-element-893af75 .elementor-button:focus svg{fill:var( --e-global-color-2001978 );}.elementor-478 .elementor-element.elementor-element-893af75{padding:0px 0px 0px 0px;width:100%;max-width:100%;}@media(max-width:1024px){.elementor-478 .elementor-element.elementor-element-2afe9719{--min-height:300px;--gap:10px 10px;--row-gap:10px;--column-gap:10px;}.elementor-478 .elementor-element.elementor-element-240dc8a1 .elementor-heading-title{font-size:var( --e-global-typography-06d4a40-font-size );line-height:var( --e-global-typography-06d4a40-line-height );letter-spacing:var( --e-global-typography-06d4a40-letter-spacing );word-spacing:var( --e-global-typography-06d4a40-word-spacing );}.elementor-478 .elementor-element.elementor-element-c02f6ef .elementor-button{font-size:var( --e-global-typography-5171d03-font-size );line-height:var( --e-global-typography-5171d03-line-height );letter-spacing:var( --e-global-typography-5171d03-letter-spacing );word-spacing:var( --e-global-typography-5171d03-word-spacing );padding:10px 30px 10px 30px;}.elementor-478 .elementor-element.elementor-element-893af75 .elementor-button{font-size:var( --e-global-typography-5171d03-font-size );line-height:var( --e-global-typography-5171d03-line-height );letter-spacing:var( --e-global-typography-5171d03-letter-spacing );word-spacing:var( --e-global-typography-5171d03-word-spacing );}}@media(max-width:767px){.elementor-478 .elementor-element.elementor-element-2afe9719{--min-height:350px;--gap:10px 10px;--row-gap:10px;--column-gap:10px;}.elementor-478 .elementor-element.elementor-element-240dc8a1 .elementor-heading-title{font-size:var( --e-global-typography-06d4a40-font-size );line-height:var( --e-global-typography-06d4a40-line-height );letter-spacing:var( --e-global-typography-06d4a40-letter-spacing );word-spacing:var( --e-global-typography-06d4a40-word-spacing );}.elementor-478 .elementor-element.elementor-element-feacc2f{--gap:10px 10px;--row-gap:10px;--column-gap:10px;}.elementor-478 .elementor-element.elementor-element-c02f6ef .elementor-button{font-size:var( --e-global-typography-5171d03-font-size );line-height:var( --e-global-typography-5171d03-line-height );letter-spacing:var( --e-global-typography-5171d03-letter-spacing );word-spacing:var( --e-global-typography-5171d03-word-spacing );padding:10px 20px 10px 20px;}.elementor-478 .elementor-element.elementor-element-893af75 .elementor-button{font-size:var( --e-global-typography-5171d03-font-size );line-height:var( --e-global-typography-5171d03-line-height );letter-spacing:var( --e-global-typography-5171d03-letter-spacing );word-spacing:var( --e-global-typography-5171d03-word-spacing );padding:10px 20px 10px 20px;}}\/* Start custom CSS for button, class: .elementor-element-c02f6ef *\/.elementor-478 .elementor-element.elementor-element-c02f6ef .elementor-button {\n    backdrop-filter: blur(10px);\n}\/* End custom CSS *\/\n\/* Start custom CSS for button, class: .elementor-element-893af75 *\/.elementor-478 .elementor-element.elementor-element-893af75 .elementor-button {\n    backdrop-filter: blur(10px);\n}\/* End custom CSS *\/<\/style>\t\t<div data-elementor-type=\"loop-item\" data-elementor-id=\"478\" class=\"elementor elementor-478 e-loop-item e-loop-item-253 post-253 vendeglatohelyek type-vendeglatohelyek status-publish has-post-thumbnail hentry category-borozok category-vendeglatohelyek\" data-elementor-post-type=\"elementor_library\" data-custom-edit-handle=\"1\">\n\t\t\t<div class=\"elementor-element elementor-element-2afe9719 e-flex e-con-boxed e-con e-parent\" data-id=\"2afe9719\" data-element_type=\"container\" data-e-type=\"container\" data-settings=\"{&quot;background_background&quot;:&quot;classic&quot;}\">\n\t\t\t\t\t<div class=\"e-con-inner\">\n\t\t\t\t<div class=\"elementor-element elementor-element-240dc8a1 elementor-widget elementor-widget-theme-post-title elementor-page-title elementor-widget-heading\" data-id=\"240dc8a1\" data-element_type=\"widget\" data-e-type=\"widget\" data-widget_type=\"theme-post-title.default\">\n\t\t\t\t\t<h2 class=\"elementor-heading-title elementor-size-default\">Kil\u00e1t\u00f3 Boroz\u00f3<\/h2>\t\t\t\t<\/div>\n\t\t<div class=\"elementor-element elementor-element-feacc2f e-con-full e-flex e-con e-child\" data-id=\"feacc2f\" data-element_type=\"container\" data-e-type=\"container\">\n\t\t\t\t<div class=\"elementor-element elementor-element-c02f6ef elementor-align-justify elementor-widget__width-inherit elementor-widget elementor-widget-button\" data-id=\"c02f6ef\" data-element_type=\"widget\" data-e-type=\"widget\" data-widget_type=\"button.default\">\n\t\t\t\t\t\t\t\t\t\t<a class=\"elementor-button elementor-button-link elementor-size-sm\" href=\"https:\/\/kilatoborozo.hu\/\" target=\"_blank\" rel=\"noopener\">\n\t\t\t\t\t\t<span class=\"elementor-button-content-wrapper\">\n\t\t\t\t\t\t\t\t\t<span class=\"elementor-button-text\">R\u00e9szletek<\/span>\n\t\t\t\t\t<\/span>\n\t\t\t\t\t<\/a>\n\t\t\t\t\t\t\t\t<\/div>\n\t\t\t\t<div class=\"elementor-element elementor-element-893af75 elementor-align-justify elementor-widget__width-inherit elementor-widget elementor-widget-button\" data-id=\"893af75\" data-element_type=\"widget\" data-e-type=\"widget\" data-widget_type=\"button.default\">\n\t\t\t\t\t\t\t\t\t\t<a class=\"elementor-button elementor-button-link elementor-size-sm\" href=\"https:\/\/maps.app.goo.gl\/XewxRcpJVctdLbuL7\" target=\"_blank\" rel=\"noopener\">\n\t\t\t\t\t\t<span class=\"elementor-button-content-wrapper\">\n\t\t\t\t\t\t<span class=\"elementor-button-icon\">\n\t\t\t\t<svg aria-hidden=\"true\" class=\"e-font-icon-svg e-fas-map-marker-alt\" viewBox=\"0 0 384 512\" xmlns=\"http:\/\/www.w3.org\/2000\/svg\"><path d=\"M172.268 501.67C26.97 291.031 0 269.413 0 192 0 85.961 85.961 0 192 0s192 85.961 192 192c0 77.413-26.97 99.031-172.268 309.67-9.535 13.774-29.93 13.773-39.464 0zM192 272c44.183 0 80-35.817 80-80s-35.817-80-80-80-80 35.817-80 80 35.817 80 80 80z\"><\/path><\/svg>\t\t\t<\/span>\n\t\t\t\t\t\t\t\t\t<span class=\"elementor-button-text\">T\u00e9rk\u00e9p<\/span>\n\t\t\t\t\t<\/span>\n\t\t\t\t\t<\/a>\n\t\t\t\t\t\t\t\t<\/div>\n\t\t\t\t<\/div>\n\t\t\t\t\t<\/div>\n\t\t\t\t<\/div>\n\t\t\t\t<\/div>\n\t\t<style id=\"loop-dynamic-478\">.e-loop-item-258 .elementor-element.elementor-element-2afe9719:not(.elementor-motion-effects-element-type-background), .e-loop-item-258 .elementor-element.elementor-element-2afe9719 > .elementor-motion-effects-container > .elementor-motion-effects-layer{background-image:url(\"https:\/\/zalakaros.ap4.hu\/wp-content\/uploads\/2025\/09\/5978605c21c3353e30c96677a8ed23a1.jpg\");}<\/style>\t\t<div data-elementor-type=\"loop-item\" data-elementor-id=\"478\" class=\"elementor elementor-478 e-loop-item e-loop-item-258 post-258 vendeglatohelyek type-vendeglatohelyek status-publish has-post-thumbnail hentry category-borozok category-vendeglatohelyek\" data-elementor-post-type=\"elementor_library\" data-custom-edit-handle=\"1\">\n\t\t\t<div class=\"elementor-element elementor-element-2afe9719 e-flex e-con-boxed e-con e-parent\" data-id=\"2afe9719\" data-element_type=\"container\" data-e-type=\"container\" data-settings=\"{&quot;background_background&quot;:&quot;classic&quot;}\">\n\t\t\t\t\t<div class=\"e-con-inner\">\n\t\t\t\t<div class=\"elementor-element elementor-element-240dc8a1 elementor-widget elementor-widget-theme-post-title elementor-page-title elementor-widget-heading\" data-id=\"240dc8a1\" data-element_type=\"widget\" data-e-type=\"widget\" data-widget_type=\"theme-post-title.default\">\n\t\t\t\t\t<h2 class=\"elementor-heading-title elementor-size-default\">Nagyap\u00e1m Boroz\u00f3ja<\/h2>\t\t\t\t<\/div>\n\t\t<div class=\"elementor-element elementor-element-feacc2f e-con-full e-flex e-con e-child\" data-id=\"feacc2f\" data-element_type=\"container\" data-e-type=\"container\">\n\t\t\t\t<div class=\"elementor-element elementor-element-c02f6ef elementor-align-justify elementor-widget__width-inherit elementor-widget elementor-widget-button\" data-id=\"c02f6ef\" data-element_type=\"widget\" data-e-type=\"widget\" data-widget_type=\"button.default\">\n\t\t\t\t\t\t\t\t\t\t<a class=\"elementor-button elementor-size-sm\" role=\"button\">\n\t\t\t\t\t\t<span class=\"elementor-button-content-wrapper\">\n\t\t\t\t\t\t\t\t\t<span class=\"elementor-button-text\">R\u00e9szletek<\/span>\n\t\t\t\t\t<\/span>\n\t\t\t\t\t<\/a>\n\t\t\t\t\t\t\t\t<\/div>\n\t\t\t\t<div class=\"elementor-element elementor-element-893af75 elementor-align-justify elementor-widget__width-inherit elementor-widget elementor-widget-button\" data-id=\"893af75\" data-element_type=\"widget\" data-e-type=\"widget\" data-widget_type=\"button.default\">\n\t\t\t\t\t\t\t\t\t\t<a class=\"elementor-button elementor-button-link elementor-size-sm\" href=\"https:\/\/maps.app.goo.gl\/vbNSAii2fP6xj8Xs6\" target=\"_blank\" rel=\"noopener\">\n\t\t\t\t\t\t<span class=\"elementor-button-content-wrapper\">\n\t\t\t\t\t\t<span class=\"elementor-button-icon\">\n\t\t\t\t<svg aria-hidden=\"true\" class=\"e-font-icon-svg e-fas-map-marker-alt\" viewBox=\"0 0 384 512\" xmlns=\"http:\/\/www.w3.org\/2000\/svg\"><path d=\"M172.268 501.67C26.97 291.031 0 269.413 0 192 0 85.961 85.961 0 192 0s192 85.961 192 192c0 77.413-26.97 99.031-172.268 309.67-9.535 13.774-29.93 13.773-39.464 0zM192 272c44.183 0 80-35.817 80-80s-35.817-80-80-80-80 35.817-80 80 35.817 80 80 80z\"><\/path><\/svg>\t\t\t<\/span>\n\t\t\t\t\t\t\t\t\t<span class=\"elementor-button-text\">T\u00e9rk\u00e9p<\/span>\n\t\t\t\t\t<\/span>\n\t\t\t\t\t<\/a>\n\t\t\t\t\t\t\t\t<\/div>\n\t\t\t\t<\/div>\n\t\t\t\t\t<\/div>\n\t\t\t\t<\/div>\n\t\t\t\t<\/div>\n\t\t<style id=\"loop-dynamic-478\">.e-loop-item-277 .elementor-element.elementor-element-2afe9719:not(.elementor-motion-effects-element-type-background), .e-loop-item-277 .elementor-element.elementor-element-2afe9719 > .elementor-motion-effects-container > .elementor-motion-effects-layer{background-image:url(\"https:\/\/zalakaros.ap4.hu\/wp-content\/uploads\/2025\/09\/c9fec131dac5acd59f0ce2377b24e5a1.jpg\");}<\/style>\t\t<div data-elementor-type=\"loop-item\" data-elementor-id=\"478\" class=\"elementor elementor-478 e-loop-item e-loop-item-277 post-277 vendeglatohelyek type-vendeglatohelyek status-publish has-post-thumbnail hentry category-borozok category-vendeglatohelyek\" data-elementor-post-type=\"elementor_library\" data-custom-edit-handle=\"1\">\n\t\t\t<div class=\"elementor-element elementor-element-2afe9719 e-flex e-con-boxed e-con e-parent\" data-id=\"2afe9719\" data-element_type=\"container\" data-e-type=\"container\" data-settings=\"{&quot;background_background&quot;:&quot;classic&quot;}\">\n\t\t\t\t\t<div class=\"e-con-inner\">\n\t\t\t\t<div class=\"elementor-element elementor-element-240dc8a1 elementor-widget elementor-widget-theme-post-title elementor-page-title elementor-widget-heading\" data-id=\"240dc8a1\" data-element_type=\"widget\" data-e-type=\"widget\" data-widget_type=\"theme-post-title.default\">\n\t\t\t\t\t<h2 class=\"elementor-heading-title elementor-size-default\">Szent Orb\u00e1n Boroz\u00f3<\/h2>\t\t\t\t<\/div>\n\t\t<div class=\"elementor-element elementor-element-feacc2f e-con-full e-flex e-con e-child\" data-id=\"feacc2f\" data-element_type=\"container\" data-e-type=\"container\">\n\t\t\t\t<div class=\"elementor-element elementor-element-c02f6ef elementor-align-justify elementor-widget__width-inherit elementor-widget elementor-widget-button\" data-id=\"c02f6ef\" data-element_type=\"widget\" data-e-type=\"widget\" data-widget_type=\"button.default\">\n\t\t\t\t\t\t\t\t\t\t<a class=\"elementor-button elementor-button-link elementor-size-sm\" href=\"https:\/\/zalakaros.net\/kutyabarat-szallas\/\" target=\"_blank\" rel=\"noopener\">\n\t\t\t\t\t\t<span class=\"elementor-button-content-wrapper\">\n\t\t\t\t\t\t\t\t\t<span class=\"elementor-button-text\">R\u00e9szletek<\/span>\n\t\t\t\t\t<\/span>\n\t\t\t\t\t<\/a>\n\t\t\t\t\t\t\t\t<\/div>\n\t\t\t\t<div class=\"elementor-element elementor-element-893af75 elementor-align-justify elementor-widget__width-inherit elementor-widget elementor-widget-button\" data-id=\"893af75\" data-element_type=\"widget\" data-e-type=\"widget\" data-widget_type=\"button.default\">\n\t\t\t\t\t\t\t\t\t\t<a class=\"elementor-button elementor-button-link elementor-size-sm\" href=\"https:\/\/maps.app.goo.gl\/JmMVaCxDuN12kjiN9\" target=\"_blank\" rel=\"noopener\">\n\t\t\t\t\t\t<span class=\"elementor-button-content-wrapper\">\n\t\t\t\t\t\t<span class=\"elementor-button-icon\">\n\t\t\t\t<svg aria-hidden=\"true\" class=\"e-font-icon-svg e-fas-map-marker-alt\" viewBox=\"0 0 384 512\" xmlns=\"http:\/\/www.w3.org\/2000\/svg\"><path d=\"M172.268 501.67C26.97 291.031 0 269.413 0 192 0 85.961 85.961 0 192 0s192 85.961 192 192c0 77.413-26.97 99.031-172.268 309.67-9.535 13.774-29.93 13.773-39.464 0zM192 272c44.183 0 80-35.817 80-80s-35.817-80-80-80-80 35.817-80 80 35.817 80 80 80z\"><\/path><\/svg>\t\t\t<\/span>\n\t\t\t\t\t\t\t\t\t<span class=\"elementor-button-text\">T\u00e9rk\u00e9p<\/span>\n\t\t\t\t\t<\/span>\n\t\t\t\t\t<\/a>\n\t\t\t\t\t\t\t\t<\/div>\n\t\t\t\t<\/div>\n\t\t\t\t\t<\/div>\n\t\t\t\t<\/div>\n\t\t\t\t<\/div>\n\t\t\t\t<\/div>\n\t\t\n\t\t\t\t\t\t<\/div>\n\t\t\t\t<\/div>\n\t\t\t\t\t<\/div>\n\t\t\t\t<\/div>\n\t\t\t\t<\/div>\n\t\t","protected":false},"excerpt":{"rendered":"","protected":false},"author":1,"featured_media":3245,"parent":3015,"menu_order":0,"comment_status":"closed","ping_status":"closed","template":"","meta":{"_acf_changed":false,"footnotes":""},"class_list":["post-3100","page","type-page","status-publish","has-post-thumbnail","hentry"],"acf":[],"_links":{"self":[{"href":"https:\/\/zalakaros.ap4.hu\/en\/wp-json\/wp\/v2\/pages\/3100","targetHints":{"allow":["GET"]}}],"collection":[{"href":"https:\/\/zalakaros.ap4.hu\/en\/wp-json\/wp\/v2\/pages"}],"about":[{"href":"https:\/\/zalakaros.ap4.hu\/en\/wp-json\/wp\/v2\/types\/page"}],"author":[{"embeddable":true,"href":"https:\/\/zalakaros.ap4.hu\/en\/wp-json\/wp\/v2\/users\/1"}],"replies":[{"embeddable":true,"href":"https:\/\/zalakaros.ap4.hu\/en\/wp-json\/wp\/v2\/comments?post=3100"}],"version-history":[{"count":22,"href":"https:\/\/zalakaros.ap4.hu\/en\/wp-json\/wp\/v2\/pages\/3100\/revisions"}],"predecessor-version":[{"id":3665,"href":"https:\/\/zalakaros.ap4.hu\/en\/wp-json\/wp\/v2\/pages\/3100\/revisions\/3665"}],"up":[{"embeddable":true,"href":"https:\/\/zalakaros.ap4.hu\/en\/wp-json\/wp\/v2\/pages\/3015"}],"wp:featuredmedia":[{"embeddable":true,"href":"https:\/\/zalakaros.ap4.hu\/en\/wp-json\/wp\/v2\/media\/3245"}],"wp:attachment":[{"href":"https:\/\/zalakaros.ap4.hu\/en\/wp-json\/wp\/v2\/media?parent=3100"}],"curies":[{"name":"wp","href":"https:\/\/api.w.org\/{rel}","templated":true}]}}