{"id":1826,"date":"2025-10-13T15:27:35","date_gmt":"2025-10-13T15:27:35","guid":{"rendered":"https:\/\/zalakaros.ap4.hu\/?page_id=1826"},"modified":"2026-02-24T15:03:02","modified_gmt":"2026-02-24T14:03:02","slug":"testvervarosaink-partnertelepuleseink","status":"publish","type":"page","link":"https:\/\/zalakaros.ap4.hu\/en\/onkormanyzat\/testvervarosaink-partnertelepuleseink\/","title":{"rendered":"Testv\u00e9rv\u00e1rosaink, Partnertelep\u00fcl\u00e9seink"},"content":{"rendered":"<div data-elementor-type=\"wp-page\" data-elementor-id=\"1826\" class=\"elementor elementor-1826\" data-elementor-post-type=\"page\">\n\t\t\t\t<div class=\"elementor-element elementor-element-8043f0d e-flex e-con-boxed e-con e-parent\" data-id=\"8043f0d\" data-element_type=\"container\" data-e-type=\"container\">\n\t\t\t\t\t<div class=\"e-con-inner\">\n\t\t\t\t<div class=\"elementor-element elementor-element-677ee6f elementor-widget elementor-widget-text-editor\" data-id=\"677ee6f\" data-element_type=\"widget\" data-e-type=\"widget\" data-widget_type=\"text-editor.default\">\n\t\t\t\t\t\t\t\t\t<h4>Puchheim (N\u00e9metorsz\u00e1g)<\/h4><p><span style=\"font-weight: 400;\">A M\u00fcnchen melletti kisv\u00e1ros, Puchheim egyid\u0151ben vette fel a kapcsolatot Zalakarossal \u00e9s a f\u00fcrd\u0151v\u00e1ros k\u00f6zel\u00e9ben fekv\u0151 Nagykanizs\u00e1val. J\u00f3 k\u00f6zleked\u00e9si kapcsolatokkal rendelkezik, \u00edgy sok lak\u00f3ja ing\u00e1zik a tartom\u00e1nyi f\u0151v\u00e1rosba. A telep\u00fcl\u00e9s modern infrastrukt\u00far\u00e1val, iskol\u00e1kkal, sportl\u00e9tes\u00edtm\u00e9nyekkel \u00e9s kultur\u00e1lis int\u00e9zm\u00e9nyekkel b\u00fcszk\u00e9lkedhet.<\/span><\/p><p><span style=\"font-weight: 400;\">A hivatalos testv\u00e9rv\u00e1rosi kapcsolat okiratba foglal\u00e1s\u00e1ra 1991-ben ker\u00fclt sor, melyet megel\u0151z\u0151en m\u00e1r sz\u00e1mos kontaktus \u00e1llt fenn. Az eltelt id\u0151szakban ezek a kapcsolatok csak elm\u00e9ly\u00fcltek \u00e9s sokasodtak, nem csak a politika ter\u00e9n, hanem a civil szf\u00e9r\u00e1ban is. Zalakaros lehet\u0151s\u00e9get kapott utaz\u00e1sra, bemutatkoz\u00e1sra, idegenforgalmi \u00e9rt\u00e9keinek bemutat\u00e1s\u00e1ra. A v\u00e1ros t\u00e1mogat\u00e1st kapott kultur\u00e1lis, oktat\u00e1si, szoci\u00e1lis feladatainak ell\u00e1t\u00e1s\u00e1hoz. A kapcsolatok kialak\u00edt\u00e1s\u00e1ban \u00e9s akt\u00edv l\u00e9tfenntart\u00e1s\u00e1ban nagy szerepet j\u00e1tszott \u00e9s j\u00e1tszik a puchheimi N\u00e9met \u2013 Magyar Egylet, mely szorgos k\u00f6zrem\u0171k\u00f6d\u00e9se r\u00e9v\u00e9n minden \u00e9vben legal\u00e1bb egyszer siker\u00fcl tal\u00e1lkozni a testv\u00e9rv\u00e1rosok lak\u00f3inak egym\u00e1ssal, egyik \u00e9vben Magyarorsz\u00e1gon, a m\u00e1sik \u00e9vben N\u00e9metorsz\u00e1gban.\u00a0<\/span><\/p><p><span style=\"font-weight: 400;\">A Zalakarossal kialak\u00edtott testv\u00e9rv\u00e1rosi kapcsolat az \u00f6nkorm\u00e1nyzati tapasztalatcser\u00e9t, a kultur\u00e1lis programokat \u00e9s a sportkapcsolatokat helyezi el\u0151t\u00e9rbe. Gyakoriak a deleg\u00e1ci\u00f3s l\u00e1togat\u00e1sok, valamint az \u00fcnnepi esem\u00e9nyeken val\u00f3 k\u00f6lcs\u00f6n\u00f6s r\u00e9szv\u00e9tel. A kapcsolat hozz\u00e1j\u00e1rul a nemzetk\u00f6zi egy\u00fcttm\u0171k\u00f6d\u00e9shez \u00e9s a k\u00f6z\u00f6ss\u00e9gi \u00e9rt\u00e9kek er\u0151s\u00edt\u00e9s\u00e9hez.<\/span><\/p><p><a title=\"Puchheim\" href=\"http:\/\/www.puchheim.de\/\" target=\"_blank\" rel=\"noopener\">www.puchheim.de<\/a><br \/><br \/><br \/><\/p><h4>Asperhofen (Ausztria)<\/h4><p><span style=\"font-weight: 400;\">Asperhofen Als\u00f3-Ausztri\u00e1ban, Sankt P\u00f6lten t\u00e9rs\u00e9g\u00e9ben tal\u00e1lhat\u00f3 csendes, falusias jelleg\u0171 k\u00f6zs\u00e9g. Asperhofennel 1995 \u00f3ta van Zalakarosnak testv\u00e9rv\u00e1rosi kapcsolata.\u00a0 A telep\u00fcl\u00e9sre a dombos t\u00e1j, a mez\u0151gazdas\u00e1gi ter\u00fcletek \u00e9s a hagyom\u00e1nyos osztr\u00e1k faluk\u00e9p jellemz\u0151. Lakoss\u00e1ga viszonylag kicsi, k\u00f6z\u00f6ss\u00e9gi \u00e9lete azonban akt\u00edv, k\u00fcl\u00f6n\u00f6sen a helyi egyes\u00fcletek \u00e9s kultur\u00e1lis rendezv\u00e9nyek r\u00e9v\u00e9n.<\/span><\/p><p><span style=\"font-weight: 400;\">Zalakarossal val\u00f3 testv\u00e9rv\u00e1rosi kapcsolata a kultur\u00e1lis egy\u00fcttm\u0171k\u00f6d\u00e9sen \u00e9s a szem\u00e9lyes kapcsolatok er\u0151s\u00edt\u00e9s\u00e9n alapul. A k\u00e9t telep\u00fcl\u00e9s rendszeresen szervez k\u00f6lcs\u00f6n\u00f6s l\u00e1togat\u00e1sokat, \u00fcnneps\u00e9geken val\u00f3 r\u00e9szv\u00e9telt \u00e9s civil tal\u00e1lkoz\u00f3kat. A kapcsolat c\u00e9lja az eur\u00f3pai \u00f6sszetartoz\u00e1s er\u0151s\u00edt\u00e9se \u00e9s a fiatalabb gener\u00e1ci\u00f3k nemzetk\u00f6zi tapasztalatszerz\u00e9s\u00e9nek t\u00e1mogat\u00e1sa.<\/span><\/p><p><a title=\"Asperhofen\" href=\"http:\/\/www.asperhofen.at\/\" target=\"_blank\" rel=\"noopener\">www.asperhofen.at<\/a><\/p><p>\u00a0<\/p><h4>Olesno (Lengyelorsz\u00e1g)<\/h4><p><span style=\"font-weight: 400;\">A mintegy 10.000 lakos\u00fa d\u00e9lnyugat lengyelorsz\u00e1gi Olesnoval 2008-ban l\u00e9tes\u00fclt partnertelep\u00fcl\u00e9si kapcsolat. Olesno Lengyelorsz\u00e1g d\u00e9lnyugati r\u00e9sz\u00e9n, az Opolei vajdas\u00e1gban tal\u00e1lhat\u00f3 v\u00e1ros. T\u00f6rt\u00e9nelme a k\u00f6z\u00e9pkorig ny\u00falik vissza, \u00e9s t\u00f6bb m\u0171eml\u00e9k is \u0151rzi m\u00faltj\u00e1t. Kiemelked\u0151 l\u00e1tnival\u00f3ja a h\u00edres, f\u00e1b\u00f3l \u00e9p\u00fclt Szent Anna-templom, amely a r\u00e9gi\u00f3 egyik jelent\u0151s kultur\u00e1lis \u00f6r\u00f6ks\u00e9ge.<\/span><\/p><p><span style=\"font-weight: 400;\">Olesno\/Rosenberg Szil\u00e9zia legr\u00e9gebbi v\u00e1rosai k\u00f6z\u00e9 tartozik.<\/span><\/p><p><span style=\"font-weight: 400;\">Zalakarossal val\u00f3 testv\u00e9rv\u00e1rosi egy\u00fcttm\u0171k\u00f6d\u00e9se kultur\u00e1lis \u00e9s k\u00f6z\u00f6ss\u00e9gi alapokon nyugszik. A kapcsolat keret\u00e9ben rendezv\u00e9nyeket, fesztiv\u00e1lokat \u00e9s hivatalos l\u00e1togat\u00e1sokat szerveznek, amelyek el\u0151seg\u00edtik a k\u00f6lcs\u00f6n\u00f6s megismer\u00e9st. A partners\u00e9g c\u00e9lja a hagyom\u00e1nyok \u00e1pol\u00e1sa, a turizmus fejleszt\u00e9se \u00e9s az eur\u00f3pai kapcsolatok elm\u00e9ly\u00edt\u00e9se.<\/span><\/p><p><a title=\"Olesno\" href=\"http:\/\/www.olesno.pl\/\" target=\"_blank\" rel=\"noopener\">www.olesno.pl<\/a><\/p><p>\u00a0<\/p><h4>Budapest<\/h4><p><span style=\"font-weight: 400;\">Magyarorsz\u00e1g legkisebb \u00e9s legnagyobb v\u00e1rosa, Zalakaros \u00e9s Budapest 2004-ben egy\u00fcttm\u0171k\u00f6d\u00e9si szerz\u0151d\u00e9st \u00edrt al\u00e1, mely kiemelten kezeli a kultur\u00e1lis, sport, idegenforgalmi, gazdas\u00e1gi ter\u00fcleteket \u00e9s \u00f6nkorm\u00e1nyzati munk\u00e1t.<\/span><\/p><p><a title=\"Budapest\" href=\"http:\/\/www.budapest.hu\/\" target=\"_blank\" rel=\"noopener\">www.budapest.hu<\/a><\/p>\t\t\t\t\t\t\t\t<\/div>\n\t\t\t\t\t<\/div>\n\t\t\t\t<\/div>\n\t\t\t\t<\/div>","protected":false},"excerpt":{"rendered":"<p>Puchheim (N\u00e9metorsz\u00e1g) A M\u00fcnchen melletti kisv\u00e1ros, Puchheim egyid\u0151ben vette fel a kapcsolatot Zalakarossal \u00e9s a f\u00fcrd\u0151v\u00e1ros k\u00f6zel\u00e9ben fekv\u0151 Nagykanizs\u00e1val. J\u00f3 k\u00f6zleked\u00e9si kapcsolatokkal rendelkezik, \u00edgy sok lak\u00f3ja ing\u00e1zik a tartom\u00e1nyi f\u0151v\u00e1rosba. [&hellip;]<\/p>\n","protected":false},"author":1,"featured_media":0,"parent":1710,"menu_order":0,"comment_status":"closed","ping_status":"closed","template":"","meta":{"_acf_changed":false,"footnotes":""},"class_list":["post-1826","page","type-page","status-publish","hentry"],"acf":[],"_links":{"self":[{"href":"https:\/\/zalakaros.ap4.hu\/en\/wp-json\/wp\/v2\/pages\/1826","targetHints":{"allow":["GET"]}}],"collection":[{"href":"https:\/\/zalakaros.ap4.hu\/en\/wp-json\/wp\/v2\/pages"}],"about":[{"href":"https:\/\/zalakaros.ap4.hu\/en\/wp-json\/wp\/v2\/types\/page"}],"author":[{"embeddable":true,"href":"https:\/\/zalakaros.ap4.hu\/en\/wp-json\/wp\/v2\/users\/1"}],"replies":[{"embeddable":true,"href":"https:\/\/zalakaros.ap4.hu\/en\/wp-json\/wp\/v2\/comments?post=1826"}],"version-history":[{"count":7,"href":"https:\/\/zalakaros.ap4.hu\/en\/wp-json\/wp\/v2\/pages\/1826\/revisions"}],"predecessor-version":[{"id":17379,"href":"https:\/\/zalakaros.ap4.hu\/en\/wp-json\/wp\/v2\/pages\/1826\/revisions\/17379"}],"up":[{"embeddable":true,"href":"https:\/\/zalakaros.ap4.hu\/en\/wp-json\/wp\/v2\/pages\/1710"}],"wp:attachment":[{"href":"https:\/\/zalakaros.ap4.hu\/en\/wp-json\/wp\/v2\/media?parent=1826"}],"curies":[{"name":"wp","href":"https:\/\/api.w.org\/{rel}","templated":true}]}}