{"id":4146,"date":"2025-10-30T17:37:08","date_gmt":"2025-10-30T17:37:08","guid":{"rendered":"https:\/\/zalakaros.ap4.hu\/?page_id=4146"},"modified":"2025-11-04T09:20:53","modified_gmt":"2025-11-04T09:20:53","slug":"kituntetettek","status":"publish","type":"page","link":"https:\/\/zalakaros.ap4.hu\/de\/onkormanyzat\/kituntetettek\/","title":{"rendered":"Geehrt"},"content":{"rendered":"<div data-elementor-type=\"wp-page\" data-elementor-id=\"4146\" class=\"elementor elementor-4146\" data-elementor-post-type=\"page\">\n\t\t\t\t<div class=\"elementor-element elementor-element-fb974d9 e-flex e-con-boxed e-con e-parent\" data-id=\"fb974d9\" data-element_type=\"container\" data-e-type=\"container\">\n\t\t\t\t\t<div class=\"e-con-inner\">\n\t\t\t\t<div class=\"elementor-element elementor-element-d84f5c7 elementor-widget elementor-widget-text-editor\" data-id=\"d84f5c7\" data-element_type=\"widget\" data-e-type=\"widget\" data-widget_type=\"text-editor.default\">\n\t\t\t\t\t\t\t\t\t<table class=\"table table-bordered table-striped table-text-justify\"><tbody><tr><td><a title=\"KIT\u00dcNTETETTEK JEGYZ\u00c9KE-2024\" href=\"https:\/\/onkormanyzat.zalakaros.hu\/dl\/proc?f=09d08b10e75e1a3cbc7272e87499698ea60d3a8a6252c6faf01f07e00af006d8\" target=\"_blank\" rel=\"noopener\" download=\"\">KIT\u00dcNTETETTEK JEGYZ\u00c9KE-2024<\/a><\/td><\/tr><tr><td><a title=\"KIT\u00dcNTETETTEK JEGYZ\u00c9KE-2023\" href=\"https:\/\/onkormanyzat.zalakaros.hu\/dl\/proc?f=ee19d561c983f00aa93fe39175417abc2fc4fc14de16efd5e73780e0ea95c373\" target=\"_blank\" rel=\"noopener\" download=\"\">KIT\u00dcNTETETTEK JEGYZ\u00c9KE-2023<\/a><\/td><\/tr><tr><td><a title=\"KIT\u00dcNTETETTEK JEGYZ\u00c9KE-2022\" href=\"https:\/\/onkormanyzat.zalakaros.hu\/dl\/proc?f=2a1a62e6005f6c0fdfeeda6431728c6bfb298354b0a01b3046006779e79beb20\" target=\"_blank\" rel=\"noopener\" download=\"\">KIT\u00dcNTETETTEK JEGYZ\u00c9KE-2022<\/a><\/td><\/tr><\/tbody><\/table>\t\t\t\t\t\t\t\t<\/div>\n\t\t\t\t\t<\/div>\n\t\t\t\t<\/div>\n\t\t\t\t<\/div>","protected":false},"excerpt":{"rendered":"<p>KIT\u00dcNTETETTEK JEGYZ\u00c9KE-2024 KIT\u00dcNTETETTEK JEGYZ\u00c9KE-2023 KIT\u00dcNTETETTEK JEGYZ\u00c9KE-2022<\/p>","protected":false},"author":1,"featured_media":0,"parent":1710,"menu_order":0,"comment_status":"closed","ping_status":"closed","template":"","meta":{"_acf_changed":false,"footnotes":""},"class_list":["post-4146","page","type-page","status-publish","hentry"],"acf":[],"_links":{"self":[{"href":"https:\/\/zalakaros.ap4.hu\/de\/wp-json\/wp\/v2\/pages\/4146","targetHints":{"allow":["GET"]}}],"collection":[{"href":"https:\/\/zalakaros.ap4.hu\/de\/wp-json\/wp\/v2\/pages"}],"about":[{"href":"https:\/\/zalakaros.ap4.hu\/de\/wp-json\/wp\/v2\/types\/page"}],"author":[{"embeddable":true,"href":"https:\/\/zalakaros.ap4.hu\/de\/wp-json\/wp\/v2\/users\/1"}],"replies":[{"embeddable":true,"href":"https:\/\/zalakaros.ap4.hu\/de\/wp-json\/wp\/v2\/comments?post=4146"}],"version-history":[{"count":4,"href":"https:\/\/zalakaros.ap4.hu\/de\/wp-json\/wp\/v2\/pages\/4146\/revisions"}],"predecessor-version":[{"id":4151,"href":"https:\/\/zalakaros.ap4.hu\/de\/wp-json\/wp\/v2\/pages\/4146\/revisions\/4151"}],"up":[{"embeddable":true,"href":"https:\/\/zalakaros.ap4.hu\/de\/wp-json\/wp\/v2\/pages\/1710"}],"wp:attachment":[{"href":"https:\/\/zalakaros.ap4.hu\/de\/wp-json\/wp\/v2\/media?parent=4146"}],"curies":[{"name":"wp","href":"https:\/\/api.w.org\/{rel}","templated":true}]}}