{"id":3950,"date":"2025-10-30T11:35:17","date_gmt":"2025-10-30T11:35:17","guid":{"rendered":"https:\/\/zalakaros.ap4.hu\/?page_id=3950"},"modified":"2025-11-06T09:41:39","modified_gmt":"2025-11-06T09:41:39","slug":"egyesuletek-es-alapitvanyok","status":"publish","type":"page","link":"https:\/\/zalakaros.ap4.hu\/de\/onkormanyzat\/egyesuletek-es-alapitvanyok\/","title":{"rendered":"Verb\u00e4nde und Stiftungen"},"content":{"rendered":"<div data-elementor-type=\"wp-page\" data-elementor-id=\"3950\" class=\"elementor elementor-3950\" data-elementor-post-type=\"page\">\n\t\t\t\t<div class=\"elementor-element elementor-element-9966d1f e-flex e-con-boxed e-con e-parent\" data-id=\"9966d1f\" data-element_type=\"container\" data-e-type=\"container\">\n\t\t\t\t\t<div class=\"e-con-inner\">\n\t\t<div class=\"elementor-element elementor-element-febb6b2 e-grid e-con-full e-con e-child\" data-id=\"febb6b2\" data-element_type=\"container\" data-e-type=\"container\">\n\t\t\t\t<div class=\"elementor-element elementor-element-4a0ec65 white-box elementor-cta--skin-classic elementor-animated-content elementor-bg-transform elementor-bg-transform-zoom-in elementor-widget elementor-widget-call-to-action\" data-id=\"4a0ec65\" data-element_type=\"widget\" data-e-type=\"widget\" data-widget_type=\"call-to-action.default\">\n\t\t\t\t\t\t\t<a class=\"elementor-cta\" href=\"https:\/\/zalakaros.ap4.hu\/de\/alapitvanyok\/\">\n\t\t\t\t\t\t\t<div class=\"elementor-cta__content\">\n\t\t\t\t\t\t\t\t\t<div class=\"elementor-content-item elementor-cta__content-item elementor-icon-wrapper elementor-cta__icon elementor-view-default\">\n\t\t\t\t\t\t<div class=\"elementor-icon\">\n\t\t\t\t\t\t\t<svg xmlns=\"http:\/\/www.w3.org\/2000\/svg\" id=\"Layer_1\" height=\"512\" viewbox=\"0 0 512 512\" width=\"512\"><g><path d=\"m504.5 163.047h-24.751v-32.445c0-2.696-1.447-5.184-3.79-6.518l-216.248-123.102c-2.301-1.31-5.12-1.31-7.421 0l-147.557 83.998c-3.6 2.049-4.856 6.629-2.808 10.229 2.05 3.6 6.628 4.856 10.229 2.808l143.846-81.887 208.749 118.832v22.685l-205.038-116.72c-2.301-1.31-5.12-1.31-7.421 0l-205.038 116.72v-22.685l37.828-21.533c3.6-2.049 4.856-6.629 2.808-10.229-2.049-3.6-6.629-4.856-10.229-2.808l-41.617 23.691c-2.343 1.334-3.79 3.822-3.79 6.518v32.445h-24.752c-4.142 0-7.5 3.358-7.5 7.5v333.954c0 4.142 3.358 7.5 7.5 7.5h389.833c9.931-.344 9.923-14.659 0-15h-382.333v-20.9h482v20.9h-67.556c-9.931.344-9.923 14.659 0 15h75.056c4.142 0 7.5-3.358 7.5-7.5v-333.953c0-4.142-3.358-7.5-7.5-7.5zm-7.5 35.865h-60.056v-20.865h60.056zm-87.658 0h-306.684-12.602v-20.865h331.889v20.865zm-97.842 226.289v-173.287c0-4.142-3.358-7.5-7.5-7.5h-96c-4.142 0-7.5 3.358-7.5 7.5v173.287h-22.292v-211.289h155.585v211.289zm-15 0h-81v-165.787h81zm-221.444 7.5v28.399h-60.056v-247.188h80.158v211.289h-12.602c-4.142 0-7.5 3.358-7.5 7.5zm88.152-187.358v148.427h-19.024v-148.427zm-53.05 163.427h53.049v16.43h-53.049zm19.025-15h-19.025v-148.427h19.025zm34.025-163.427h-53.049v-16.431h53.049zm238.634 15v148.427h-19.025v-148.427zm-53.049 163.427h53.049v16.43h-53.049zm19.024-15h-19.024v-148.427h19.024zm34.025-163.427h-53.049v-16.431h53.049zm-145.842-174.268 187.913 106.971h-375.826zm-241 121.972h60.056v20.865h-60.056zm75.056 283.053v-20.899h331.889v20.899zm346.888 0v-28.399c0-4.142-3.358-7.5-7.5-7.5h-12.603v-211.289h80.159v247.188z\"><\/path><path d=\"m70.814 244.414h-31.025c-4.142 0-7.5 3.358-7.5 7.5v58.412c0 4.142 3.358 7.5 7.5 7.5h31.025c4.142 0 7.5-3.358 7.5-7.5v-58.412c0-4.142-3.358-7.5-7.5-7.5zm-7.5 58.412h-16.025v-43.412h16.025z\"><\/path><path d=\"m472.212 244.414h-31.025c-4.142 0-7.5 3.358-7.5 7.5v58.412c0 4.142 3.358 7.5 7.5 7.5h31.025c4.142 0 7.5-3.358 7.5-7.5v-58.412c0-4.142-3.358-7.5-7.5-7.5zm-7.5 58.412h-16.025v-43.412h16.025z\"><\/path><path d=\"m70.814 335.536h-31.025c-4.142 0-7.5 3.358-7.5 7.5v58.412c0 4.142 3.358 7.5 7.5 7.5h31.025c4.142 0 7.5-3.358 7.5-7.5v-58.412c0-4.142-3.358-7.5-7.5-7.5zm-7.5 58.412h-16.025v-43.412h16.025z\"><\/path><path d=\"m472.212 335.536h-31.025c-4.142 0-7.5 3.358-7.5 7.5v58.412c0 4.142 3.358 7.5 7.5 7.5h31.025c4.142 0 7.5-3.358 7.5-7.5v-58.412c0-4.142-3.358-7.5-7.5-7.5zm-7.5 58.412h-16.025v-43.412h16.025z\"><\/path><\/g><\/svg>\t\t\t\t\t\t<\/div>\n\t\t\t\t\t<\/div>\n\t\t\t\t\n\t\t\t\t\n\t\t\t\t\t\t\t\t\t<div class=\"elementor-cta__description elementor-cta__content-item elementor-content-item\">\n\t\t\t\t\t\tAlap\u00edtv\u00e1nyok\t\t\t\t\t<\/div>\n\t\t\t\t\n\t\t\t\t\t\t\t\t\t<div class=\"elementor-cta__button-wrapper elementor-cta__content-item elementor-content-item\">\n\t\t\t\t\t<span class=\"elementor-cta__button elementor-button elementor-size-\">\n\t\t\t\t\t\tTov\u00e1bb\t\t\t\t\t<\/span>\n\t\t\t\t\t<\/div>\n\t\t\t\t\t\t\t<\/div>\n\t\t\t\t\t\t<\/a>\n\t\t\t\t\t\t<\/div>\n\t\t\t\t<div class=\"elementor-element elementor-element-653a03a white-box elementor-cta--skin-classic elementor-animated-content elementor-bg-transform elementor-bg-transform-zoom-in elementor-widget elementor-widget-call-to-action\" data-id=\"653a03a\" data-element_type=\"widget\" data-e-type=\"widget\" data-widget_type=\"call-to-action.default\">\n\t\t\t\t\t\t\t<div class=\"elementor-cta\">\n\t\t\t\t\t\t\t<div class=\"elementor-cta__content\">\n\t\t\t\t\t\t\t\t\t<div class=\"elementor-content-item elementor-cta__content-item elementor-icon-wrapper elementor-cta__icon elementor-view-default\">\n\t\t\t\t\t\t<div class=\"elementor-icon\">\n\t\t\t\t\t\t\t<svg xmlns=\"http:\/\/www.w3.org\/2000\/svg\" id=\"Layer_1\" height=\"512\" viewbox=\"0 0 512 512\" width=\"512\"><g><path d=\"m504.5 163.047h-24.751v-32.445c0-2.696-1.447-5.184-3.79-6.518l-216.248-123.102c-2.301-1.31-5.12-1.31-7.421 0l-147.557 83.998c-3.6 2.049-4.856 6.629-2.808 10.229 2.05 3.6 6.628 4.856 10.229 2.808l143.846-81.887 208.749 118.832v22.685l-205.038-116.72c-2.301-1.31-5.12-1.31-7.421 0l-205.038 116.72v-22.685l37.828-21.533c3.6-2.049 4.856-6.629 2.808-10.229-2.049-3.6-6.629-4.856-10.229-2.808l-41.617 23.691c-2.343 1.334-3.79 3.822-3.79 6.518v32.445h-24.752c-4.142 0-7.5 3.358-7.5 7.5v333.954c0 4.142 3.358 7.5 7.5 7.5h389.833c9.931-.344 9.923-14.659 0-15h-382.333v-20.9h482v20.9h-67.556c-9.931.344-9.923 14.659 0 15h75.056c4.142 0 7.5-3.358 7.5-7.5v-333.953c0-4.142-3.358-7.5-7.5-7.5zm-7.5 35.865h-60.056v-20.865h60.056zm-87.658 0h-306.684-12.602v-20.865h331.889v20.865zm-97.842 226.289v-173.287c0-4.142-3.358-7.5-7.5-7.5h-96c-4.142 0-7.5 3.358-7.5 7.5v173.287h-22.292v-211.289h155.585v211.289zm-15 0h-81v-165.787h81zm-221.444 7.5v28.399h-60.056v-247.188h80.158v211.289h-12.602c-4.142 0-7.5 3.358-7.5 7.5zm88.152-187.358v148.427h-19.024v-148.427zm-53.05 163.427h53.049v16.43h-53.049zm19.025-15h-19.025v-148.427h19.025zm34.025-163.427h-53.049v-16.431h53.049zm238.634 15v148.427h-19.025v-148.427zm-53.049 163.427h53.049v16.43h-53.049zm19.024-15h-19.024v-148.427h19.024zm34.025-163.427h-53.049v-16.431h53.049zm-145.842-174.268 187.913 106.971h-375.826zm-241 121.972h60.056v20.865h-60.056zm75.056 283.053v-20.899h331.889v20.899zm346.888 0v-28.399c0-4.142-3.358-7.5-7.5-7.5h-12.603v-211.289h80.159v247.188z\"><\/path><path d=\"m70.814 244.414h-31.025c-4.142 0-7.5 3.358-7.5 7.5v58.412c0 4.142 3.358 7.5 7.5 7.5h31.025c4.142 0 7.5-3.358 7.5-7.5v-58.412c0-4.142-3.358-7.5-7.5-7.5zm-7.5 58.412h-16.025v-43.412h16.025z\"><\/path><path d=\"m472.212 244.414h-31.025c-4.142 0-7.5 3.358-7.5 7.5v58.412c0 4.142 3.358 7.5 7.5 7.5h31.025c4.142 0 7.5-3.358 7.5-7.5v-58.412c0-4.142-3.358-7.5-7.5-7.5zm-7.5 58.412h-16.025v-43.412h16.025z\"><\/path><path d=\"m70.814 335.536h-31.025c-4.142 0-7.5 3.358-7.5 7.5v58.412c0 4.142 3.358 7.5 7.5 7.5h31.025c4.142 0 7.5-3.358 7.5-7.5v-58.412c0-4.142-3.358-7.5-7.5-7.5zm-7.5 58.412h-16.025v-43.412h16.025z\"><\/path><path d=\"m472.212 335.536h-31.025c-4.142 0-7.5 3.358-7.5 7.5v58.412c0 4.142 3.358 7.5 7.5 7.5h31.025c4.142 0 7.5-3.358 7.5-7.5v-58.412c0-4.142-3.358-7.5-7.5-7.5zm-7.5 58.412h-16.025v-43.412h16.025z\"><\/path><\/g><\/svg>\t\t\t\t\t\t<\/div>\n\t\t\t\t\t<\/div>\n\t\t\t\t\n\t\t\t\t\n\t\t\t\t\t\t\t\t\t<div class=\"elementor-cta__description elementor-cta__content-item elementor-content-item\">\n\t\t\t\t\t\tK\u00f6zalap\u00edtv\u00e1nyok\t\t\t\t\t<\/div>\n\t\t\t\t\n\t\t\t\t\t\t\t\t\t<div class=\"elementor-cta__button-wrapper elementor-cta__content-item elementor-content-item\">\n\t\t\t\t\t<a class=\"elementor-cta__button elementor-button elementor-size-\" href=\"https:\/\/zalakaros.ap4.hu\/de\/kozalapitvanyok\/\">\n\t\t\t\t\t\tTov\u00e1bb\t\t\t\t\t<\/a>\n\t\t\t\t\t<\/div>\n\t\t\t\t\t\t\t<\/div>\n\t\t\t\t\t\t<\/div>\n\t\t\t\t\t\t<\/div>\n\t\t\t\t<\/div>\n\t\t\t\t\t<\/div>\n\t\t\t\t<\/div>\n\t\t\t\t<\/div>","protected":false},"excerpt":{"rendered":"<p>Alap\u00edtv\u00e1nyok Tov\u00e1bb K\u00f6zalap\u00edtv\u00e1nyok Tov\u00e1bb<\/p>","protected":false},"author":1,"featured_media":0,"parent":1710,"menu_order":0,"comment_status":"closed","ping_status":"closed","template":"","meta":{"_acf_changed":false,"footnotes":""},"class_list":["post-3950","page","type-page","status-publish","hentry"],"acf":[],"_links":{"self":[{"href":"https:\/\/zalakaros.ap4.hu\/de\/wp-json\/wp\/v2\/pages\/3950","targetHints":{"allow":["GET"]}}],"collection":[{"href":"https:\/\/zalakaros.ap4.hu\/de\/wp-json\/wp\/v2\/pages"}],"about":[{"href":"https:\/\/zalakaros.ap4.hu\/de\/wp-json\/wp\/v2\/types\/page"}],"author":[{"embeddable":true,"href":"https:\/\/zalakaros.ap4.hu\/de\/wp-json\/wp\/v2\/users\/1"}],"replies":[{"embeddable":true,"href":"https:\/\/zalakaros.ap4.hu\/de\/wp-json\/wp\/v2\/comments?post=3950"}],"version-history":[{"count":13,"href":"https:\/\/zalakaros.ap4.hu\/de\/wp-json\/wp\/v2\/pages\/3950\/revisions"}],"predecessor-version":[{"id":4620,"href":"https:\/\/zalakaros.ap4.hu\/de\/wp-json\/wp\/v2\/pages\/3950\/revisions\/4620"}],"up":[{"embeddable":true,"href":"https:\/\/zalakaros.ap4.hu\/de\/wp-json\/wp\/v2\/pages\/1710"}],"wp:attachment":[{"href":"https:\/\/zalakaros.ap4.hu\/de\/wp-json\/wp\/v2\/media?parent=3950"}],"curies":[{"name":"wp","href":"https:\/\/api.w.org\/{rel}","templated":true}]}}