{"id":3882,"date":"2025-10-30T10:51:20","date_gmt":"2025-10-30T10:51:20","guid":{"rendered":"https:\/\/zalakaros.ap4.hu\/?page_id=3882"},"modified":"2025-11-06T16:19:17","modified_gmt":"2025-11-06T16:19:17","slug":"alapitvanyok","status":"publish","type":"page","link":"https:\/\/zalakaros.ap4.hu\/de\/onkormanyzat\/egyesuletek-es-alapitvanyok\/alapitvanyok\/","title":{"rendered":"Alap\u00edtv\u00e1nyok"},"content":{"rendered":"<div data-elementor-type=\"wp-page\" data-elementor-id=\"3882\" class=\"elementor elementor-3882\" data-elementor-post-type=\"page\">\n\t\t\t\t<div class=\"elementor-element elementor-element-c2a657a e-flex e-con-boxed e-con e-parent\" data-id=\"c2a657a\" data-element_type=\"container\" data-e-type=\"container\">\n\t\t\t\t\t<div class=\"e-con-inner\">\n\t\t\t\t<div class=\"elementor-element elementor-element-5d5eeda elementor-widget elementor-widget-text-editor\" data-id=\"5d5eeda\" data-element_type=\"widget\" data-e-type=\"widget\" data-widget_type=\"text-editor.default\">\n\t\t\t\t\t\t\t\t\t<div class=\"table-responsive\"><table class=\"table table-bordered table-striped\"><thead><tr><th><strong>Sorsz\u00e1m<\/strong><\/th><th><strong>Neve \u00e9s sz\u00e9khelye<\/strong><\/th><th><strong>El\u00e9rhet\u0151s\u00e9g<\/strong><\/th><th><strong>Alakul\u00e1s \u00e9ve<\/strong><\/th><th><strong>Kurat\u00f3rium eln\u00f6ke<\/strong><\/th><\/tr><\/thead><tbody><tr><td>1.<\/td><td><p>Zalakaros K\u00f6zbiztons\u00e1g\u00e1\u00e9rt<br \/>K\u00f6zhaszn\u00fa K\u00f6zalap\u00edtv\u00e1ny<\/p><p>8749 Zalakaros Gy\u00f3gyf\u00fcrd\u0151 t\u00e9r 1.<\/p><\/td><td>Mobil: 30\/902-4960<br \/>E-mail: &#8211;<\/td><td>1993<\/td><td><p>Kov\u00e1cs Zolt\u00e1n<\/p><\/td><\/tr><tr><td>2.<\/td><td><p>Zalakaros Sportj\u00e1\u00e9rt<br \/>K\u00f6zhaszn\u00fa K\u00f6zalap\u00edtv\u00e1ny<\/p><p>8749 Zalakaros, Gy\u00f3gyf\u00fcrd\u0151 t\u00e9r 1.<\/p><\/td><td>Mobil: 06 70 212 5041<br \/>E-mail:\u00a0<a href=\"mailto:kulcsar.csongor@gmail.com\">kulcsar.csongor@gmail.com<\/a><\/td><td>1997<\/td><td>Sinkovics Norbert<\/td><\/tr><tr><td>3.<\/td><td><p>Zalakaros \u00daj Templom\u00e1\u00e9rt<br \/>K\u00f6zhaszn\u00fa K\u00f6zalap\u00edtv\u00e1ny<\/p><p>8749 Zalakaros, Gy\u00f3gyf\u00fcrd\u0151 t\u00e9r 1.<\/p><\/td><td>Mobil: 30\/972-7710<br \/><a href=\"mailto:kaldi.zs51@t-online.hu\">kaldi.zs51@t-online.hu<\/a><\/td><td>1996<\/td><td><p>K\u00e1ldin\u00e9 Kopcs\u00e1ndi Szilvia<\/p><\/td><\/tr><tr><td>4.<\/td><td><p>A Zalakarosi Iskol\u00e1\u00e9rt<br \/>K\u00f6zalap\u00edtv\u00e1ny<\/p><p>M\u00f3ra Ferenc \u00c1ltal\u00e1nos Iskola<br \/>8749 Zalakaros, Liget u. 28.<\/p><\/td><td>Tel: 93\/340-367<br \/>E-mail:\u00a0<a href=\"mailto:iskola@zalakaros.hu\">iskola@zalakaros.hu<\/a><br \/><a href=\"mailto:kati011s@gmail.com\"><br \/><\/a><\/td><td>1997<\/td><td>Bicz\u00f3 Henrietta<\/td><\/tr><tr><td>5.<\/td><td><p>Gr\u00e1nit Gy\u00f3gyf\u00fcrd\u0151 Zrt.<br \/>Dolgoz\u00f3i K\u00f6zhaszn\u00fa alap\u00edtv\u00e1ny<\/p><p>Gy\u00f3gyf\u00fcrd\u0151<br \/>8749 Zalakaros, Term\u00e1l u. 4.<\/p><\/td><td>Mobil: &#8211;<br \/>E-mail:\u00a0<a href=\"mailto:szolgaltatas@granitzrt.hu\">szolgaltatas@granitzrt.hu<\/a><\/td><td>1992<\/td><td>Adorj\u00e1n J\u00f3zsef<\/td><\/tr><\/tbody><\/table><\/div><h4>Egyes\u00fcletek\u00a0<\/h4><div class=\"table-responsive\"><table class=\"table table-bordered table-striped\"><thead><tr><th><strong>Sorsz\u00e1m<\/strong><\/th><th><strong>Neve, c\u00edm<\/strong><\/th><th><strong>El\u00e9rhet\u0151s\u00e9g<\/strong><\/th><th><strong>Alakul\u00e1s \u00e9ve<\/strong><\/th><th><strong>Vezet\u0151<\/strong><\/th><\/tr><\/thead><tbody><tr><td>6.<\/td><td><p>Zalakarosi \u00d6nk\u00e9ntes T\u0171zolt\u00f3 Egyes\u00fclet<\/p><p>8749 Zalakaros, F\u0151 u. 8.<\/p><\/td><td>Mobil: 30\/ 789-2403<br \/>E-mail: szakaltibor03@gmail.com<\/td><td>1930<\/td><td><p>Szak\u00e1l Tibor<\/p><\/td><\/tr><tr><td>7.<\/td><td><p>Vagyonv\u00e9delmi \u00e9s B\u0171nmegel\u0151z\u00e9si Egyes\u00fclet Zalakaros (Polg\u00e1r\u0151r Csoport) Polg\u00e1rmesteri Hivatal<\/p><p>8749 Zalakaros, Gy\u00f3gyf\u00fcrd\u0151 t\u00e9r 1.<\/p><\/td><td>Mobil: 30\/902-4960<\/td><td>1993<\/td><td>Horv\u00e1th J\u00f3zsef<\/td><\/tr><tr><td>8.<\/td><td><p>Zalakarosi V\u00e1llalkoz\u00f3k Sz\u00f6vet\u00e9sge\u00a0 \u00a0 \u00a0 \u00a0<\/p><p>8749 Zalakaros, Zalagy\u00f6ngye 1.<\/p><\/td><td>Mobil: 30\/947-4226<br \/>E-mail: drviragerno@gmail.com<\/td><td>1998<\/td><td>Dr. Vir\u00e1g Ern\u0151<\/td><\/tr><tr><td>9.<\/td><td><p>Karos Sprint \u00dasz\u00f3klub<\/p><p>Zalakaros, Hegyalja u. 64.<\/p><\/td><td>Mobil: 30\/388-9474<br \/>E-mail: veghandor78@gmail.com<\/td><td>2007<\/td><td>V\u00e9gh Andor<\/td><\/tr><tr><td>10.<\/td><td><p>Zalakaros \u00e9s T\u00e9rs\u00e9ge SE\u00a0 \u00a0 \u00a0 \u00a0 K\u00f6z\u00f6ss\u00e9gi H\u00e1z\u00a0<\/p><p>8749 Zalakaros, Hegyalja u. 40.<\/p><\/td><td><p>Mobil: 30\/754-8499\u00a0 \u00a0 \u00a0 \u00a0 \u00a0 \u00a0 \u00a0Email: bognarotto@freemail.hu<\/p><\/td><td>2008<\/td><td>Bogn\u00e1r Ott\u00f3 P\u00e9ter<\/td><\/tr><tr><td>11.<\/td><td><p>Zalakarosi Turisztikai Egyes\u00fclet<\/p><p>Tourinform Iroda<\/p><p>8749 Zalakaros, Gy\u00f3gyf\u00fcrd\u0151 t\u00e9r 10.<\/p><\/td><td>Mobil: 30\/822-1717<br \/>E-mail:botond.usztoke@karos-spa.hu<\/td><td>2008<\/td><td>\u00dcszt\u00f6ke Botond<\/td><\/tr><tr><td>12.<\/td><td><p>Zalakarosi Turisztikai Nonprofit Kft.<\/p><p>Tourinform Iroda<\/p><p>8749 Zalakaros, Gy\u00f3gyf\u00fcrd\u0151 t\u00e9r 1.<\/p><\/td><td><p align=\"center\">Mobil: 0630\/9975370<\/p><p align=\"center\">E-mail:<\/p><p align=\"center\"><a href=\"mailto:gyogyhelyikoordinator@zalakaros.hu\">gyogyhelyikoordinator@zalakaros.hu<\/a><\/p><\/td><td>2013<\/td><td>\u00d3dor L\u00e1szl\u00f3<\/td><\/tr><tr><td>13.<\/td><td><p>TEKER Egyes\u00fclet<\/p><p>SPA Hotel<br \/>8749 Zalakaros, Alma u. 1.<\/p><\/td><td>Mobil: 30\/969-4076<br \/>E-mail: info@macchiato.hu<\/td><td>2007<\/td><td>Kar\u00e1di Szabolcs<\/td><\/tr><tr><td>14.<\/td><td><p>Zalakarosi Kultur\u00e1lis Egyes\u00fclet<\/p><p>Zalakaros, Liget u. 37\/B.<\/p><\/td><td>Mobil: 30\/936-2577<br \/>E-mail: zke@zalakaros.hu<a href=\"mailto:konyvtar@zalakaros.hu\"><br \/><\/a><\/td><td>2013<\/td><td><p>Gr\u00f3fn\u00e9 Csatos Andrea\u00a0<\/p><\/td><\/tr><tr><td>15.<\/td><td><p>Sensei N\u00e9meth Budo Akad\u00e9mia Se<\/p><p>Zalakaros, Zalagy\u00f6ngye u. 48\/A.<\/p><\/td><td><p>\u00a0Mobil: 30\/928-2105<\/p><p>Email:\u00a0sportrekreacio01@gmail.com<\/p><\/td><td>2014<\/td><td>N\u00e9meth Zolt\u00e1n<\/td><\/tr><tr><td>16.<\/td><td><p>Zalakarosi Futrink\u00e1k Fut\u00f3, Szabadid\u0151 \u00e9s Rekre\u00e1ci\u00f3s Sport Egyes\u00fclet<\/p><\/td><td><p>Mobil: 30\/277-5257<\/p><p>Email: zalakarosifutrinkak@gmail.com<\/p><\/td><td>2020<\/td><td>Szabadicsn\u00e9 Madaras Katalin<\/td><\/tr><tr><td>17.<\/td><td>H-TURUL Motoros Klub Egyes\u00fclet<\/td><td><p>Mobil: 30\/651-3828<\/p><p>Email: hturulmotorosklub@gmail.com<\/p><\/td><td>1998<\/td><td>T\u00f3th Bal\u00e1zs<\/td><\/tr><tr><td>18.<\/td><td>Mozg\u00e1skorl\u00e1tozottak Nagykanizsa V\u00e1rosi Egyes\u00fclet\u00e9nek Zalakarosi Csoportja<\/td><td><p>Mobil: 30\/956-1460<\/p><p>Email: bannelli59@freemail.hu<\/p><\/td><td>2019<\/td><td>B\u00e1n J\u00f3zsefn\u00e9<\/td><\/tr><\/tbody><\/table><\/div><h4>M\u0171v\u00e9szeti csoportok\u00a0<\/h4><div class=\"table-responsive\"><table class=\"table table-bordered table-striped\"><thead><tr><th><strong>Sorsz\u00e1m<\/strong><\/th><th><strong>N\u00e9v, c\u00edm<\/strong><\/th><th><strong>El\u00e9rhet\u0151s\u00e9g<\/strong><\/th><th><strong>Alakul\u00e1s \u00e9ve<\/strong><\/th><th><strong>Vezet\u0151<\/strong><\/th><\/tr><\/thead><tbody><tr><td>19.<\/td><td><p>B\u00fazavir\u00e1g csoport \u00d3voda<br \/>(n\u00e9pij\u00e1t\u00e9k, hagyom\u00e1ny\u0151rz\u00e9s)<\/p><p>Zalakaros, Liget u. 37.<\/p><\/td><td>Tel: 30\/462-1675<br \/>E-mail: marikanovak63@gmail.com<a href=\"mailto:novak@zalakaros.hu\"><br \/><\/a><\/td><td>2000<\/td><td>Nov\u00e1k Ferencn\u00e9<\/td><\/tr><tr><td>20.<\/td><td><p>Gy\u00f6ngyvir\u00e1g egy\u00fcttes (N\u00e9pi gyermekj\u00e1t\u00e9k szakk\u00f6r)<\/p><p>M\u00f3ra Ferenc \u00c1ltal\u00e1nos Iskola<br \/>Zalakaros, Liget u. 28.<br \/>(n\u00e9pij\u00e1t\u00e9k, hagyom\u00e1ny\u0151rz\u00e9s)<\/p><\/td><td><p>Mobil: 20\/446-2992<\/p><p>Email: paksivaleria02@gmail.com<\/p><\/td><td>2002<\/td><td>Paksi Val\u00e9ria<\/td><\/tr><tr><td>21.<\/td><td><p>R\u00fcgyecske (n\u00e9pt\u00e1nc)<\/p><p>K\u00f6z\u00f6ss\u00e9gi H\u00e1z<br \/>Zalakaros, F\u0151 u. 8.<\/p><\/td><td>Mobil: 20\/446-2992<br \/>Email: paksivaleria02@gmail.com<\/td><td>2010<\/td><td>Paksi Val\u00e9ria<\/td><\/tr><tr><td>22.<\/td><td><p>Z\u00f6ld \u00c1g T\u00e1ncegy\u00fcttes (n\u00e9pt\u00e1nc)<\/p><p>M\u00f3ra Ferenc \u00c1ltal\u00e1nos Iskola<br \/>Zalakaros, Liget u. 28.<\/p><\/td><td>Mobil: 20\/446-2992<br \/>Email: dezso.vizeli@allianz.hu<\/td><td>1994<\/td><td>Vizeli Dezs\u0151<\/td><\/tr><tr><td>23.<\/td><td><p>Karos F\u00fav\u00f3segy\u00fcttes\u00a0\u00a0<\/p><p>K\u00f6z\u00f6ss\u00e9gi H\u00e1z<\/p><p>Zalakaros, Hegyalja u. 40.<\/p><\/td><td>Mobil: 30\/901-8173<br \/>Email:<br \/><a href=\"mailto:tatarcsab@gmail.com\">tatarcsab@gmail.com<\/a><\/td><td>1998<\/td><td>Tat\u00e1r Csaba<\/td><\/tr><tr><td>24.<\/td><td><p>Dal\u00e1rda-Vegyes kar (\u00e9nek)<\/p><p>K\u00f6z\u00f6ss\u00e9gi H\u00e1z<br \/>Zalakaros, F\u0151 u. 8.<\/p><\/td><td>Mobil: 30\/7568-137<br \/>Email:<br \/><a href=\"mailto:gonczolgyorgy@freemail.hu\">gonczolgyorgy@freemail.hu<\/a><\/td><td>1997<\/td><td>G\u00f6ncz\u00f6l Gy\u00f6rgy<\/td><\/tr><tr><td>25.<\/td><td><p>N\u0151i \u00e9nekkar (\u00e9nek)<\/p><p>M\u00f3ra Ferenc \u00c1ltal\u00e1nos Iskola<br \/>Zalakaros, Liget u. 28.<\/p><\/td><td>Mobil: 20\/427-0478<br \/>Email: tarnaineandrea@gmail.com<a href=\"mailto:iskola@zalakaros.hu\"><br \/><\/a><\/td><td>2000<\/td><td>Tarnai L\u00e1szl\u00f3n\u00e9<\/td><\/tr><tr><td>26.<\/td><td><p>Von\u00f3s kamaraegy\u00fcttes (von\u00f3s)<\/p><p>M\u00f3ra Ferenc \u00c1ltal\u00e1nos Iskola<br \/>Zalakaros, Liget u. 28.<\/p><\/td><td>Mobil: 20\/427-0478<br \/>Email:tarnaineandrea@gmail.com<\/td><td>1998<\/td><td>Tarnai L\u00e1szl\u00f3n\u00e9<\/td><\/tr><tr><td>27.<\/td><td><p>Bottal-fog\u00f3 (n\u00e9pt\u00e1nc)<\/p><p>K\u00f6z\u00f6ss\u00e9gi H\u00e1z<br \/>Zalakaros, Hegyalja u. 40.<\/p><\/td><td>Mobil:30\/693-2632<br \/>Email:<br \/><a href=\"mailto:balogh.gabi@freemail.hu\">balogh.gabi@freemail.hu<\/a><\/td><td>2009<\/td><td>Kov\u00e1csn\u00e9 Balogh Gabriella<\/td><\/tr><\/tbody><\/table><\/div><h4>Klubok\u00a0<\/h4><div class=\"table-responsive\"><table class=\"table table-bordered table-striped\"><thead><tr><th><strong>Sorsz\u00e1m<\/strong><\/th><th><strong>N\u00e9v, c\u00edm<\/strong><\/th><th><strong>El\u00e9rhet\u0151s\u00e9g<\/strong><\/th><th><strong>Alakul\u00e1s \u00e9ve<\/strong><\/th><th><strong>Vezet\u0151<\/strong><\/th><\/tr><\/thead><tbody><tr><td>28.<\/td><td><p>Ez\u00fcst Klub<\/p><p>K\u00f6z\u00f6ss\u00e9gi H\u00e1z<br \/>8749 Zalakaros, Hegyalja u. 40.<\/p><\/td><td>Mobil: 30\/678-0999<br \/>E-mail:\u00a0<a href=\"mailto:janiapartman@janiapartman.hu\">janiapartman@janiapartman.hu<\/a><\/td><td>2001<\/td><td><p>T\u00f3thn\u00e9 Kr\u00e9mer M\u00e1ria<\/p><\/td><\/tr><tr><td>29.<\/td><td><p>Sz\u00fcl\u0151i Munkak\u00f6z\u00f6ss\u00e9g<\/p><p>M\u00f3ra Ferenc \u00c1ltalnos Iskola 8749 Zalakaros Liget u. 28.<\/p><\/td><td><p>Mobil: 30\/687-2011<\/p><p>E-mail:\u00a0<a href=\"mailto:iskola@zalakaros.hu\">iskola@zalakaros.hu<\/a><\/p><p><a href=\"mailto:horvatheszter33@gmail.com\">horvatheszter33@gmail.com<\/a><\/p><p><a href=\"mailto:mihalyklaudia@gmail.com\">mihalyklaudia@gmail.com<\/a><\/p><p>Telefon: 30\/822-1705<\/p><\/td><td>\u00a0<\/td><td>Mih\u00e1ly Klaudia<\/td><\/tr><tr><td>30.<\/td><td><p>R\u00f3mai Katolikus Pl\u00e9b\u00e1nia Zalakaros<\/p><p>Zalakaros, F\u0151 u. 54.<\/p><\/td><td><p>Mobil: 30\/424-6801<\/p><p>E-mail:\u00a0<a href=\"mailto:zalakarosplebania@gmail.com\">zalakarosplebania@gmail.com<\/a><\/p><\/td><td>\u00a0<\/td><td><p>Pl\u00e9b\u00e1nos:<\/p><p>Dr. H\u00e1da L\u00e1szl\u00f3<\/p><\/td><\/tr><\/tbody><\/table><\/div>\t\t\t\t\t\t\t\t<\/div>\n\t\t\t\t\t<\/div>\n\t\t\t\t<\/div>\n\t\t\t\t<\/div>","protected":false},"excerpt":{"rendered":"<p>Sorsz\u00e1m Neve \u00e9s sz\u00e9khelye El\u00e9rhet\u0151s\u00e9g Alakul\u00e1s \u00e9ve Kurat\u00f3rium eln\u00f6ke 1. Zalakaros K\u00f6zbiztons\u00e1g\u00e1\u00e9rtK\u00f6zhaszn\u00fa K\u00f6zalap\u00edtv\u00e1ny 8749 Zalakaros Gy\u00f3gyf\u00fcrd\u0151 t\u00e9r 1. Mobil: 30\/902-4960E-mail: &#8211; 1993 Kov\u00e1cs Zolt\u00e1n 2. Zalakaros Sportj\u00e1\u00e9rtK\u00f6zhaszn\u00fa K\u00f6zalap\u00edtv\u00e1ny 8749 Zalakaros, [&hellip;]<\/p>\n","protected":false},"author":1,"featured_media":0,"parent":3950,"menu_order":0,"comment_status":"closed","ping_status":"closed","template":"","meta":{"_acf_changed":false,"footnotes":""},"class_list":["post-3882","page","type-page","status-publish","hentry"],"acf":[],"_links":{"self":[{"href":"https:\/\/zalakaros.ap4.hu\/de\/wp-json\/wp\/v2\/pages\/3882","targetHints":{"allow":["GET"]}}],"collection":[{"href":"https:\/\/zalakaros.ap4.hu\/de\/wp-json\/wp\/v2\/pages"}],"about":[{"href":"https:\/\/zalakaros.ap4.hu\/de\/wp-json\/wp\/v2\/types\/page"}],"author":[{"embeddable":true,"href":"https:\/\/zalakaros.ap4.hu\/de\/wp-json\/wp\/v2\/users\/1"}],"replies":[{"embeddable":true,"href":"https:\/\/zalakaros.ap4.hu\/de\/wp-json\/wp\/v2\/comments?post=3882"}],"version-history":[{"count":7,"href":"https:\/\/zalakaros.ap4.hu\/de\/wp-json\/wp\/v2\/pages\/3882\/revisions"}],"predecessor-version":[{"id":4769,"href":"https:\/\/zalakaros.ap4.hu\/de\/wp-json\/wp\/v2\/pages\/3882\/revisions\/4769"}],"up":[{"embeddable":true,"href":"https:\/\/zalakaros.ap4.hu\/de\/wp-json\/wp\/v2\/pages\/3950"}],"wp:attachment":[{"href":"https:\/\/zalakaros.ap4.hu\/de\/wp-json\/wp\/v2\/media?parent=3882"}],"curies":[{"name":"wp","href":"https:\/\/api.w.org\/{rel}","templated":true}]}}