{"id":3856,"date":"2025-10-30T10:23:25","date_gmt":"2025-10-30T10:23:25","guid":{"rendered":"https:\/\/zalakaros.ap4.hu\/?page_id=3856"},"modified":"2026-02-24T14:04:25","modified_gmt":"2026-02-24T13:04:25","slug":"intezmenyek","status":"publish","type":"page","link":"https:\/\/zalakaros.ap4.hu\/de\/onkormanyzat\/intezmenyek\/","title":{"rendered":"Einrichtungen"},"content":{"rendered":"<div data-elementor-type=\"wp-page\" data-elementor-id=\"3856\" class=\"elementor elementor-3856\" data-elementor-post-type=\"page\">\n\t\t\t\t<div class=\"elementor-element elementor-element-a7391d9 e-flex e-con-boxed e-con e-parent\" data-id=\"a7391d9\" data-element_type=\"container\" data-e-type=\"container\">\n\t\t\t\t\t<div class=\"e-con-inner\">\n\t\t<div class=\"elementor-element elementor-element-3f3c999 e-con-full e-flex e-con e-child\" data-id=\"3f3c999\" data-element_type=\"container\" data-e-type=\"container\">\n\t\t\t\t<div class=\"elementor-element elementor-element-8458060 elementor-widget elementor-widget-heading\" data-id=\"8458060\" data-element_type=\"widget\" data-e-type=\"widget\" data-widget_type=\"heading.default\">\n\t\t\t\t\t<h2 class=\"elementor-heading-title elementor-size-default\">Oktat\u00e1s<\/h2>\t\t\t\t<\/div>\n\t\t\t\t<div class=\"elementor-element elementor-element-4c0ea4d white-box elementor-cta--skin-classic elementor-animated-content elementor-bg-transform elementor-bg-transform-zoom-in elementor-widget elementor-widget-call-to-action\" data-id=\"4c0ea4d\" data-element_type=\"widget\" data-e-type=\"widget\" data-widget_type=\"call-to-action.default\">\n\t\t\t\t\t\t\t<div class=\"elementor-cta\">\n\t\t\t\t\t\t\t<div class=\"elementor-cta__content\">\n\t\t\t\t\t\t\t\t\t<div class=\"elementor-content-item elementor-cta__content-item elementor-icon-wrapper elementor-cta__icon elementor-view-default\">\n\t\t\t\t\t\t<div class=\"elementor-icon\">\n\t\t\t\t\t\t\t<svg xmlns=\"http:\/\/www.w3.org\/2000\/svg\" id=\"Layer_1\" height=\"512\" viewbox=\"0 0 512 512\" width=\"512\"><g><path d=\"m511.04 256.875-29.5-52.547c-1.328-2.365-3.828-3.829-6.54-3.829h-38.056v-30.853c0-2.711-1.463-5.211-3.827-6.539l-169.617-95.294v-17.036h47.863c4.142 0 7.5-3.358 7.5-7.5v-35.777c0-4.142-3.358-7.5-7.5-7.5h-55.363c-4.142 0-7.5 3.358-7.5 7.5v60.313l-112.441 63.172c-3.611 2.029-4.894 6.601-2.865 10.212 2.028 3.611 6.6 4.895 10.212 2.865l112.594-63.257 165.944 93.231v20.694l-162.271-91.167c-2.282-1.282-5.065-1.282-7.348 0l-162.269 91.167v-20.694l26.305-14.779c3.611-2.029 4.894-6.601 2.865-10.212s-6.602-4.896-10.212-2.865l-30.131 16.928c-2.363 1.328-3.826 3.828-3.826 6.539v30.853h-38.057c-2.712 0-5.212 1.464-6.54 3.829l-29.5 52.547c-.623 1.104-.96 2.403-.96 3.671v243.953c0 4.142 3.358 7.5 7.5 7.5h338.833c4.142 0 7.5-3.358 7.5-7.5s-3.358-7.5-7.5-7.5h-39.06v-105.477c0-4.142-3.358-7.5-7.5-7.5h-87.548c-4.142 0-7.5 3.358-7.5 7.5v105.477h-114.669v-285.064l165.944-93.231 165.944 93.231v285.064h-44.576c-4.142 0-7.5 3.358-7.5 7.5s3.358 7.5 7.5 7.5h127.132c4.142 0 7.5-3.358 7.5-7.5v-243.953c0-1.453-.478-2.817-.96-3.672zm-247.54-241.875h40.363v20.777h-40.363c0-6.926 0-13.851 0-20.777zm-188.444 343.023h-60.056v-36.722h60.056zm-60.056 15.278h60.056v36.722h-60.056zm0-67v-38.254h60.056v38.254zm0 118.722h60.056v36.077h-60.056zm26.391-209.523h33.585v37.547h-54.664zm178.335 183.523h72.548v97.977h-72.548zm-204.726 97.977v-20.9h60.056v20.9zm482-138.977h-60.056v-36.722h60.056zm-60.056 15.278h60.056v36.722h-60.056zm0-67v-38.254h60.056v38.254zm0 118.722h60.056v36.077h-60.056zm.08-209.523h33.585l21.079 37.547h-54.665v-37.547zm-.08 260.6h60.056v20.9h-60.056z\"><\/path><path d=\"m303.048 208c0-25.942-21.105-47.048-47.048-47.048-62.33 2.365-62.313 91.74.001 94.096 25.941 0 47.047-21.106 47.047-47.048zm-47.048 32.048c-17.671 0-32.048-14.376-32.048-32.048 1.611-42.457 62.491-42.446 64.096 0 0 17.671-14.377 32.048-32.048 32.048z\"><\/path><path d=\"m263.5 204.894v-15.692c-.342-9.925-14.657-9.928-15 0v18.798c0 1.989.79 3.897 2.197 5.303l11.351 11.351c3.535 2.929 7.071 2.929 10.606 0 2.929-2.929 2.929-7.678 0-10.606z\"><\/path><path d=\"m182.764 287.801c0-4.142-3.358-7.5-7.5-7.5h-44.632c-4.142 0-7.5 3.358-7.5 7.5v52c0 4.142 3.358 7.5 7.5 7.5h44.632c4.142 0 7.5-3.358 7.5-7.5zm-15 44.5h-29.632v-37h29.632z\"><\/path><path d=\"m175.264 384.023h-44.632c-4.142 0-7.5 3.358-7.5 7.5v52c0 4.142 3.358 7.5 7.5 7.5h44.632c4.142 0 7.5-3.358 7.5-7.5v-52c0-4.142-3.358-7.5-7.5-7.5zm-7.5 52h-29.632v-37h29.632z\"><\/path><path d=\"m336.736 347.301h44.632c4.142 0 7.5-3.358 7.5-7.5v-52c0-4.142-3.358-7.5-7.5-7.5h-44.632c-4.142 0-7.5 3.358-7.5 7.5v52c0 4.142 3.358 7.5 7.5 7.5zm7.5-52h29.632v37h-29.632z\"><\/path><path d=\"m233.684 280.301c-4.142 0-7.5 3.358-7.5 7.5v52c0 4.142 3.358 7.5 7.5 7.5h44.632c4.142 0 7.5-3.358 7.5-7.5v-52c0-4.142-3.358-7.5-7.5-7.5zm37.132 52h-29.632v-37h29.632z\"><\/path><path d=\"m329.236 443.523c0 4.142 3.358 7.5 7.5 7.5h44.632c4.142 0 7.5-3.358 7.5-7.5v-52c0-4.142-3.358-7.5-7.5-7.5h-44.632c-4.142 0-7.5 3.358-7.5 7.5zm15-44.5h29.632v37h-29.632z\"><\/path><\/g><\/svg>\t\t\t\t\t\t<\/div>\n\t\t\t\t\t<\/div>\n\t\t\t\t\n\t\t\t\t\n\t\t\t\t\t\t\t\t\t<div class=\"elementor-cta__description elementor-cta__content-item elementor-content-item\">\n\t\t\t\t\t\tM\u00f3ra Ferenc \u00c1ltal\u00e1nos Iskola \u00e9s Alapfok\u00fa M\u0171v\u00e9szeti Iskola\t\t\t\t\t<\/div>\n\t\t\t\t\n\t\t\t\t\t\t\t\t\t<div class=\"elementor-cta__button-wrapper elementor-cta__content-item elementor-content-item\">\n\t\t\t\t\t<a class=\"elementor-cta__button elementor-button elementor-size-\" href=\"https:\/\/www.mora-iskola.hu\/\" target=\"_blank\" rel=\"noopener\">\n\t\t\t\t\t\tTov\u00e1bb\t\t\t\t\t<\/a>\n\t\t\t\t\t<\/div>\n\t\t\t\t\t\t\t<\/div>\n\t\t\t\t\t\t<\/div>\n\t\t\t\t\t\t<\/div>\n\t\t\t\t<div class=\"elementor-element elementor-element-0dfd904 white-box elementor-cta--skin-classic elementor-animated-content elementor-bg-transform elementor-bg-transform-zoom-in elementor-widget elementor-widget-call-to-action\" data-id=\"0dfd904\" data-element_type=\"widget\" data-e-type=\"widget\" data-widget_type=\"call-to-action.default\">\n\t\t\t\t\t\t\t<div class=\"elementor-cta\">\n\t\t\t\t\t\t\t<div class=\"elementor-cta__content\">\n\t\t\t\t\t\t\t\t\t<div class=\"elementor-content-item elementor-cta__content-item elementor-icon-wrapper elementor-cta__icon elementor-view-default\">\n\t\t\t\t\t\t<div class=\"elementor-icon\">\n\t\t\t\t\t\t\t<svg xmlns=\"http:\/\/www.w3.org\/2000\/svg\" id=\"Layer_1\" height=\"512\" viewbox=\"0 0 512 512\" width=\"512\"><g><path d=\"m506.806 312.402-15.858-5.124v-199.908c0-4.142-3.357-7.5-7.5-7.5h-223.977v-50.743h17.682v10.058c0 4.142 3.357 7.5 7.5 7.5h45.516c4.143 0 7.5-3.358 7.5-7.5v-34.127c0-4.142-3.357-7.5-7.5-7.5h-15.334v-10.058c0-4.142-3.357-7.5-7.5-7.5h-55.363c-4.142 0-7.5 3.358-7.5 7.5v92.37h-123.559c-9.895.328-9.956 14.649 0 15h355.034v187.562l-217.642-70.318c-1.498-.484-3.112-.484-4.611 0l-217.641 70.318v-187.562h51.947c4.142 0 7.5-3.358 7.5-7.5s-3.358-7.5-7.5-7.5h-59.447c-4.142 0-7.5 3.358-7.5 7.5v199.909l-15.859 5.124c-3.096 1-5.194 3.883-5.194 7.137v184.96c0 4.142 3.358 7.5 7.5 7.5h398.5c4.143 0 7.5-3.358 7.5-7.5s-3.357-7.5-7.5-7.5h-67.5v-118.007c0-4.142-3.357-7.5-7.5-7.5h-150c-4.142 0-7.5 3.358-7.5 7.5v118.007h-158.5v-172.002l15.76-5.092c.02-.006.04-.013.06-.019l225.18-72.755 225.183 72.755c.019.006.037.012.056.018l15.761 5.093v172.002h-57c-4.143 0-7.5 3.358-7.5 7.5s3.357 7.5 7.5 7.5h64.5c4.143 0 7.5-3.358 7.5-7.5v-184.961c0-3.254-2.098-6.136-5.194-7.137zm-199.472-279.844h15.334v19.126h-30.516v-10.057c0-4.142-3.357-7.5-7.5-7.5h-25.182v-19.127h40.363v10.058c.001 4.142 3.358 7.5 7.501 7.5zm16.166 464.442h-60v-110.507h60zm-135-110.507h60v110.507h-60z\"><\/path><path d=\"m478.93 350.915c1.273-3.941-.89-8.169-4.831-9.442l-215.793-69.721c-1.498-.484-3.112-.484-4.611 0l-217.304 70.209c-3.942 1.273-6.104 5.501-4.831 9.442 1.187 3.676 5.803 6.007 9.442 4.831l214.998-69.464 213.487 68.976c3.942 1.273 8.169-.889 9.443-4.831z\"><\/path><path d=\"m71.844 158.729v90.264c.344 9.931 14.659 9.923 15 0v-90.264c-.344-9.93-14.659-9.923-15 0z\"><\/path><path d=\"m137.317 235.993v-77.263c-.344-9.931-14.659-9.923-15 0v77.263c.345 9.93 14.66 9.923 15 0z\"><\/path><path d=\"m187.791 220.993v-62.263c-.344-9.931-14.659-9.923-15 0v62.263c.344 9.93 14.659 9.923 15 0z\"><\/path><path d=\"m238.264 204.993v-46.263c-.344-9.931-14.659-9.923-15 0v46.263c.344 9.93 14.659 9.923 15 0z\"><\/path><path d=\"m288.736 204.993v-46.263c-.344-9.931-14.659-9.923-15 0v46.263c.344 9.93 14.66 9.923 15 0z\"><\/path><path d=\"m339.21 220.993v-62.263c-.344-9.931-14.659-9.923-15 0v62.263c.344 9.93 14.659 9.923 15 0z\"><\/path><path d=\"m389.683 235.993v-77.263c-.344-9.931-14.659-9.923-15 0v77.263c.344 9.93 14.659 9.923 15 0z\"><\/path><path d=\"m440.155 248.993v-90.264c-.344-9.931-14.659-9.923-15 0v90.264c.344 9.931 14.66 9.924 15 0z\"><\/path><path d=\"m211.199 330.928c-9.931.344-9.923 14.659 0 15h89.603c9.931-.344 9.923-14.659 0-15z\"><\/path><\/g><\/svg>\t\t\t\t\t\t<\/div>\n\t\t\t\t\t<\/div>\n\t\t\t\t\n\t\t\t\t\n\t\t\t\t\t\t\t\t\t<div class=\"elementor-cta__description elementor-cta__content-item elementor-content-item\">\n\t\t\t\t\t\tZalakarosi \u00d3voda \u00e9s B\u00f6lcs\u00f6de\t\t\t\t\t<\/div>\n\t\t\t\t\n\t\t\t\t\t\t\t\t\t<div class=\"elementor-cta__button-wrapper elementor-cta__content-item elementor-content-item\">\n\t\t\t\t\t<a class=\"elementor-cta__button elementor-button elementor-size-\" href=\"https:\/\/intezmenyek.zalakaros.hu\/2\/\" target=\"_blank\" rel=\"noopener\">\n\t\t\t\t\t\tTov\u00e1bb\t\t\t\t\t<\/a>\n\t\t\t\t\t<\/div>\n\t\t\t\t\t\t\t<\/div>\n\t\t\t\t\t\t<\/div>\n\t\t\t\t\t\t<\/div>\n\t\t\t\t<\/div>\n\t\t<div class=\"elementor-element elementor-element-2b30396 e-con-full e-flex e-con e-child\" data-id=\"2b30396\" data-element_type=\"container\" data-e-type=\"container\">\n\t\t\t\t<div class=\"elementor-element elementor-element-e2f8745 elementor-widget elementor-widget-heading\" data-id=\"e2f8745\" data-element_type=\"widget\" data-e-type=\"widget\" data-widget_type=\"heading.default\">\n\t\t\t\t\t<h2 class=\"elementor-heading-title elementor-size-default\">K\u00f6zm\u0171vel\u0151d\u00e9s<\/h2>\t\t\t\t<\/div>\n\t\t\t\t<div class=\"elementor-element elementor-element-cf80cc6 white-box elementor-cta--skin-classic elementor-animated-content elementor-bg-transform elementor-bg-transform-zoom-in elementor-widget elementor-widget-call-to-action\" data-id=\"cf80cc6\" data-element_type=\"widget\" data-e-type=\"widget\" data-widget_type=\"call-to-action.default\">\n\t\t\t\t\t\t\t<div class=\"elementor-cta\">\n\t\t\t\t\t\t\t<div class=\"elementor-cta__content\">\n\t\t\t\t\t\t\t\t\t<div class=\"elementor-content-item elementor-cta__content-item elementor-icon-wrapper elementor-cta__icon elementor-view-default\">\n\t\t\t\t\t\t<div class=\"elementor-icon\">\n\t\t\t\t\t\t\t<svg xmlns=\"http:\/\/www.w3.org\/2000\/svg\" id=\"Layer_1\" height=\"512\" viewbox=\"0 0 512 512\" width=\"512\"><g><path d=\"m504.5 204.678h-67.556c-.001-23.559.001-76.709 0-99.734 0-2.711-1.463-5.211-3.826-6.539l-173.444-97.443c-2.281-1.282-5.066-1.282-7.348 0l-91.995 51.685c-3.611 2.029-4.894 6.601-2.865 10.212s6.601 4.894 10.213 2.865l88.321-49.621 165.944 93.231v20.695l-162.27-91.167c-2.281-1.282-5.066-1.282-7.348 0l-162.27 91.166v-20.695l49.167-27.623c3.611-2.029 4.894-6.601 2.865-10.212-2.03-3.612-6.601-4.896-10.213-2.865l-52.993 29.773c-2.363 1.328-3.826 3.828-3.826 6.539-.001 22.854.001 76.38 0 99.734h-67.556c-4.143 0-7.5 3.358-7.5 7.5v292.321c0 4.142 3.357 7.5 7.5 7.5h424.994c4.143 0 7.5-3.358 7.5-7.5s-3.357-7.5-7.5-7.5h-39.528v-41.625h104.034v41.625h-33.367c-4.143 0-7.5 3.358-7.5 7.5s3.357 7.5 7.5 7.5h40.867c4.143 0 7.5-3.358 7.5-7.5v-292.322c0-4.142-3.357-7.5-7.5-7.5zm-111.534 81.774v-29.902h104.034v29.902zm-377.966 153.924v-138.924h24.867v138.923h-24.867zm0-183.826h104.034v29.902h-104.034zm39.867 44.902h24.3v138.923h-24.3zm39.3 0h24.867v138.923h-24.867zm217.196-170.447h-47.863v-26.017c19.262 2.023 36.257 11.741 47.863 26.017zm15.587 37.421h-63.45v-22.42h57.254c3.222 6.945 5.364 14.489 6.196 22.42zm-78.45-37.421h-47.862c11.606-14.276 28.6-23.994 47.862-26.017zm-57.254 15h57.254v22.42h-63.45c.832-7.93 2.974-15.474 6.196-22.42zm186.72 37.421v21.253h-243.932v-21.253zm119.034 58.124h-104.034v-21.872h104.034zm-406.944-94.316 165.944-93.231 165.944 93.231v57.445h-28.979v-28.753c0-4.142-3.357-7.5-7.5-7.5h-43.47c-11.76-104.435-160.27-104.358-171.991 0h-43.47c-4.143 0-7.5 3.358-7.5 7.5v28.753h-28.978zm-75.056 72.444h104.034v21.872h-104.034zm0 235.698h104.034v41.624h-104.034zm195.769 41.624v-90.5h90.5v90.5zm105.5 0v-98c0-4.142-3.357-7.5-7.5-7.5h-105.5c-4.143 0-7.5 3.358-7.5 7.5v98h-61.734v-49.125-228.197h243.932v228.197 49.125zm76.697-195.548h24.867v138.923h-24.867zm39.867 138.924v-138.924h24.3v138.923h-24.3zm39.3 0v-138.924h24.867v138.923h-24.867z\"><\/path><path d=\"m344 239.764h-176.19c-4.143 0-7.5 3.358-7.5 7.5v38.887c0 4.142 3.357 7.5 7.5 7.5h176.19c4.143 0 7.5-3.358 7.5-7.5v-38.887c0-4.142-3.357-7.5-7.5-7.5zm-7.5 38.887h-161.19v-23.887h161.19z\"><\/path><path d=\"m344 311.263h-176.19c-4.143 0-7.5 3.358-7.5 7.5v38.887c0 4.142 3.357 7.5 7.5 7.5h176.19c4.143 0 7.5-3.358 7.5-7.5v-38.887c0-4.142-3.357-7.5-7.5-7.5zm-7.5 38.888h-161.19v-23.887h161.19z\"><\/path><\/g><\/svg>\t\t\t\t\t\t<\/div>\n\t\t\t\t\t<\/div>\n\t\t\t\t\n\t\t\t\t\n\t\t\t\t\t\t\t\t\t<div class=\"elementor-cta__description elementor-cta__content-item elementor-content-item\">\n\t\t\t\t\t\tK\u00f6z\u00f6ss\u00e9gi H\u00e1z \u00e9s K\u00f6nyvt\u00e1r\t\t\t\t\t<\/div>\n\t\t\t\t\n\t\t\t\t\t\t\t\t\t<div class=\"elementor-cta__button-wrapper elementor-cta__content-item elementor-content-item\">\n\t\t\t\t\t<a class=\"elementor-cta__button elementor-button elementor-size-\" href=\"https:\/\/intezmenyek.zalakaros.hu\/\" target=\"_blank\" rel=\"noopener\">\n\t\t\t\t\t\tTov\u00e1bb\t\t\t\t\t<\/a>\n\t\t\t\t\t<\/div>\n\t\t\t\t\t\t\t<\/div>\n\t\t\t\t\t\t<\/div>\n\t\t\t\t\t\t<\/div>\n\t\t\t\t<div class=\"elementor-element elementor-element-4350c19 white-box elementor-cta--skin-classic elementor-animated-content elementor-bg-transform elementor-bg-transform-zoom-in elementor-widget elementor-widget-call-to-action\" data-id=\"4350c19\" data-element_type=\"widget\" data-e-type=\"widget\" data-widget_type=\"call-to-action.default\">\n\t\t\t\t\t\t\t<div class=\"elementor-cta\">\n\t\t\t\t\t\t\t<div class=\"elementor-cta__content\">\n\t\t\t\t\t\t\t\t\t<div class=\"elementor-content-item elementor-cta__content-item elementor-icon-wrapper elementor-cta__icon elementor-view-default\">\n\t\t\t\t\t\t<div class=\"elementor-icon\">\n\t\t\t\t\t\t\t<svg xmlns=\"http:\/\/www.w3.org\/2000\/svg\" id=\"Outline\" viewbox=\"0 0 64 64\"><path d=\"M54,7H10c-1.65002,0-3,1.34998-3,3v21c0,.54999.45001,1,1,1s1-.45001,1-1v-10h46v33c0,.54999-.45001,1-1,1H10c-.54999,0-1-.45001-1-1v-15c0-.54999-.45001-1-1-1s-1,.45001-1,1v15c0,1.64996,1.34998,3,3,3h44c1.65002,0,3-1.35004,3-3V10c0-1.65002-1.34998-3-3-3ZM44.59003,9l4,4h-4.18005l-4-4h4.18005ZM37.59003,9l4,4h-4.18005l-4-4h4.18005ZM30.59003,9l4,4h-4.18005l-4-4h4.18005ZM21,9h2.59003l4,4h-6.59003v-4ZM19,19h-10v-9c0-.54999.45001-1,1-1h9v10ZM21,19v-4h6.59003l-4,4h-2.59003ZM26.40997,19l4-4h4.18005l-4,4h-4.18005ZM33.40997,19l4-4h4.18005l-4,4h-4.18005ZM40.40997,19l4-4h4.18005l-4,4h-4.18005ZM55,19h-7.59003l4-4h3.59003v4ZM55,13h-3.59003l-4-4h6.59003c.54999,0,1,.45001,1,1v3Z\"><\/path><path d=\"M14,17c1.6543,0,3-1.3457,3-3s-1.3457-3-3-3-3,1.3457-3,3,1.3457,3,3,3ZM14,13c.55127,0,1,.44873,1,1s-.44873,1-1,1-1-.44873-1-1,.44873-1,1-1Z\"><\/path><path d=\"M12,29c-.55225,0-1,.44775-1,1s.44775,1,1,1h40c.55225,0,1-.44775,1-1s-.44775-1-1-1h-10v-4h10c.55225,0,1-.44775,1-1s-.44775-1-1-1H12c-.55225,0-1,.44775-1,1s.44775,1,1,1h10v4h-10ZM24,25h16v4h-16v-4Z\"><\/path><path d=\"M22,43c0,5.51416,4.48584,10,10,10s10-4.48584,10-10-4.48584-10-10-10-10,4.48584-10,10ZM40,43c0,4.41113-3.58887,8-8,8s-8-3.58887-8-8,3.58887-8,8-8,8,3.58887,8,8Z\"><\/path><path d=\"M28.52832,38.11816c-.3252.17432-.52832.51318-.52832.88184v8c0,.36853.20306.70734.52814.88171.29456.15796.7262.14996,1.02655-.04968l6-4c.27832-.18555.44531-.49756.44531-.83203s-.16699-.64648-.44531-.83203l-6-4c-.30713-.20557-.70264-.22461-1.02637-.0498ZM30,40.86865l3.19727,2.13135-3.19727,2.13135v-4.2627Z\"><\/path><circle cx=\"8\" cy=\"35\" r=\"1\"><\/circle><\/svg>\t\t\t\t\t\t<\/div>\n\t\t\t\t\t<\/div>\n\t\t\t\t\n\t\t\t\t\n\t\t\t\t\t\t\t\t\t<div class=\"elementor-cta__description elementor-cta__content-item elementor-content-item\">\n\t\t\t\t\t\tKino im Garten\t\t\t\t\t<\/div>\n\t\t\t\t\n\t\t\t\t\t\t\t\t\t<div class=\"elementor-cta__button-wrapper elementor-cta__content-item elementor-content-item\">\n\t\t\t\t\t<a class=\"elementor-cta__button elementor-button elementor-size-\" href=\"https:\/\/sites.google.com\/view\/zalakarosikertmozi\" target=\"_blank\" rel=\"noopener\">\n\t\t\t\t\t\tTov\u00e1bb\t\t\t\t\t<\/a>\n\t\t\t\t\t<\/div>\n\t\t\t\t\t\t\t<\/div>\n\t\t\t\t\t\t<\/div>\n\t\t\t\t\t\t<\/div>\n\t\t\t\t<div class=\"elementor-element elementor-element-9aeb6e5 white-box elementor-cta--skin-classic elementor-animated-content elementor-bg-transform elementor-bg-transform-zoom-in elementor-widget elementor-widget-call-to-action\" data-id=\"9aeb6e5\" data-element_type=\"widget\" data-e-type=\"widget\" data-widget_type=\"call-to-action.default\">\n\t\t\t\t\t\t\t<div class=\"elementor-cta\">\n\t\t\t\t\t\t\t<div class=\"elementor-cta__content\">\n\t\t\t\t\t\t\t\t\t<div class=\"elementor-content-item elementor-cta__content-item elementor-icon-wrapper elementor-cta__icon elementor-view-default\">\n\t\t\t\t\t\t<div class=\"elementor-icon\">\n\t\t\t\t\t\t\t<svg xmlns=\"http:\/\/www.w3.org\/2000\/svg\" id=\"Layer_1\" height=\"512\" viewbox=\"0 0 512.004 512.004\" width=\"512\"><path d=\"m507.905 302.062c-1.535-.781-3.08-1.543-4.622-2.31 0 0 3.439-24.286 3.439-24.286 1.955-13.083-5.943-25.129-18.193-29.656l2.496-17.896c1.816-13.021-5.278-25.918-17.252-31.363-11.124-5.058-29.114-12.711-51.648-20.448-12.258-4.208-24.526-7.988-36.754-11.334v-49.244l62.187-22.473c6.533-2.27 6.531-11.839 0-14.107l-67.138-24.263c-4.806-1.736-10.049 1.95-10.049 7.054v99.146c-14.653-3.591-29.219-6.55-43.608-8.84-23.424-3.727-46.407-5.662-68.375-5.794v-48.625l62.187-22.473c6.533-2.27 6.531-11.839 0-14.107l-67.138-24.263c-4.806-1.736-10.049 1.95-10.049 7.054v102.59c-19.094.541-38.586 2.282-58.125 5.236-17.92 2.709-35.925 6.413-53.858 11.073v-47.209l62.186-22.473c6.533-2.27 6.531-11.839 0-14.107l-67.137-24.262c-4.806-1.736-10.049 1.95-10.049 7.054v105.133c-24.242 6.586-63.348 21.848-78.643 29.548-11.877 5.634-18.638 18.159-16.823 31.165l2.492 17.873c-1.116.529-2.18 1.038-3.175 1.52-10.641 5.152-16.676 16.481-15.018 28.191l3.482 24.586c-1.542.767-3.087 1.528-4.621 2.31-3.691 1.88-5.16 6.396-3.28 10.087 1.88 3.69 6.396 5.158 10.087 3.28.011-.005.021-.011.032-.016l3.193 22.55c-1.76.872-3.521 1.743-5.271 2.635-3.691 1.879-5.159 6.396-3.28 10.087s6.396 5.159 10.087 3.28c.227-.115.456-.226.682-.341l16.367 115.586c.523 3.699 3.689 6.449 7.426 6.449h365.981c9.856-.31 9.99-14.638 0-15h-44.157l2.601-33.046h105.463l-4.679 33.046h-27.209c-9.922.34-9.931 14.657 0 15h33.722c3.736 0 6.902-2.75 7.426-6.448l16.367-115.587c.227.115.456.226.683.341 3.614 1.862 8.2.447 10.087-3.28 1.879-3.691.411-8.208-3.28-10.087-1.75-.891-3.511-1.763-5.271-2.635l3.193-22.55c.011.006.022.011.032.016 3.614 1.862 8.2.448 10.087-3.28 1.877-3.691.409-8.207-3.283-10.087zm-122.534-229.641 37.57 13.577-37.57 13.577zm-253.967 0 37.569 13.577-37.569 13.577zm344.766 153.422-1.911 13.706c-13.941-5.893-31.896-12.859-52.852-19.618l4.269-26.677c18.032 6.494 32.487 12.677 41.889 16.951 6.066 2.759 9.524 9.043 8.605 15.638zm-69.238-10.395c-23.17-6.877-49.344-13.212-77.361-17.562l2.739-29.708c25.955 4.558 52.456 11.301 78.971 20.096zm-150.93-23.454c-19.26 0-38.895 1.193-58.721 3.549l-2.772-30.046c42.085-5.674 80.582-5.809 122.956.32l-2.764 29.976c-18.96-2.39-38.636-3.799-58.699-3.799zm2.386-137.475 37.57 13.577-37.57 13.577zm-222.594 170.991c-.904-6.484 2.471-12.729 8.396-15.541 9.334-4.427 23.777-10.819 42.058-17.479l4.255 26.618c-21.292 6.868-39.234 13.978-52.829 19.888zm-15.704 47.553c-.74-5.229 1.953-10.289 6.703-12.589 17.005-8.234 52.479-23.87 99.012-36.064 9.517-2.849 5.886-16.696-3.803-14.51-5.849 1.533-11.525 3.119-17.022 4.739l-4.343-27.162c26.132-8.692 52.647-15.314 79.014-19.733l2.748 29.786c-9.815 1.448-19.664 3.168-29.528 5.179-4.059.827-6.679 4.789-5.851 8.847s4.787 6.679 8.847 5.85c110.477-24.098 227.488-4.432 329.096 43.272 4.886 2.262 7.661 7.36 6.907 12.685l-2.774 19.588c-145.659-68.164-320.533-68.164-466.191 0zm21.885 154.55h105.463l2.601 33.046h-103.385zm123.109 33.046-5.688-72.267h193.211l-5.688 72.267zm307.069-48.046h-106.406l2.45-31.133c.338-4.297-3.166-8.088-7.477-8.088h-209.437c-4.31 0-7.815 3.791-7.477 8.088l2.45 31.133h-106.405l-9.333-65.909c140.612-66.935 310.357-66.934 450.968 0zm11.529-81.422c-142.366-66.257-312.996-66.256-455.361 0l-3.218-22.727c143.897-68.846 317.901-68.845 461.798 0z\"><\/path><\/svg>\t\t\t\t\t\t<\/div>\n\t\t\t\t\t<\/div>\n\t\t\t\t\n\t\t\t\t\n\t\t\t\t\t\t\t\t\t<div class=\"elementor-cta__description elementor-cta__content-item elementor-content-item\">\n\t\t\t\t\t\tSportudvar\t\t\t\t\t<\/div>\n\t\t\t\t\n\t\t\t\t\t\t\t\t\t<div class=\"elementor-cta__button-wrapper elementor-cta__content-item elementor-content-item\">\n\t\t\t\t\t<a class=\"elementor-cta__button elementor-button elementor-size-\" href=\"https:\/\/intezmenyek.zalakaros.hu\/1\/index.php\/2015-11-09-12-01-03\/sportudvar-hasznalati-szabalyzata\" target=\"_blank\" rel=\"noopener\">\n\t\t\t\t\t\tTov\u00e1bb\t\t\t\t\t<\/a>\n\t\t\t\t\t<\/div>\n\t\t\t\t\t\t\t<\/div>\n\t\t\t\t\t\t<\/div>\n\t\t\t\t\t\t<\/div>\n\t\t\t\t<div class=\"elementor-element elementor-element-cb92fed white-box elementor-cta--skin-classic elementor-animated-content elementor-bg-transform elementor-bg-transform-zoom-in elementor-widget elementor-widget-call-to-action\" data-id=\"cb92fed\" data-element_type=\"widget\" data-e-type=\"widget\" data-widget_type=\"call-to-action.default\">\n\t\t\t\t\t\t\t<div class=\"elementor-cta\">\n\t\t\t\t\t\t\t<div class=\"elementor-cta__content\">\n\t\t\t\t\t\t\t\t\t<div class=\"elementor-content-item elementor-cta__content-item elementor-icon-wrapper elementor-cta__icon elementor-view-default\">\n\t\t\t\t\t\t<div class=\"elementor-icon\">\n\t\t\t\t\t\t\t<svg xmlns=\"http:\/\/www.w3.org\/2000\/svg\" id=\"Layer_1\" height=\"512\" viewbox=\"0 0 512.002 512.002\" width=\"512\"><g><path d=\"m504.5 113.047h-84.508v-62.146h10.924c4.143 0 7.5-3.358 7.5-7.5v-35.9c0-4.142-3.357-7.5-7.5-7.5h-281.413c-4.143 0-7.5 3.358-7.5 7.5s3.357 7.5 7.5 7.5h273.913v20.9c-111.611 0-223.221 0-334.832 0v-20.9h30.416c9.912-.333 9.939-14.656 0-15h-37.916c-4.143 0-7.5 3.358-7.5 7.5v35.9c0 4.142 3.357 7.5 7.5 7.5h10.924v62.146h-84.508c-4.143 0-7.5 3.358-7.5 7.5v383.954c0 4.142 3.357 7.5 7.5 7.5h341.5c4.143 0 7.5-3.358 7.5-7.5s-3.357-7.5-7.5-7.5h-260.416v-20.9h334.832v20.9h-42.416c-4.143 0-7.5 3.358-7.5 7.5s3.357 7.5 7.5 7.5h123.5c4.143 0 7.5-3.358 7.5-7.5v-71.8c-.01-99.281.007-213.027 0-312.154 0-4.142-3.357-7.5-7.5-7.5zm-7.5 175.651h-22.25v-65.394h22.25zm0-160.651v20.865h-77.008v-20.865zm-404.992 20.866h-77.008v-20.865h77.008zm-77.008 74.391h22.25v65.394h-22.25zm0 136.504h22.25v65.393h-22.25zm66.084 101.293c-4.143 0-7.5 3.358-7.5 7.5v28.4h-58.584v-56.8h29.75c4.143 0 7.5-3.358 7.5-7.5v-80.393c0-4.142-3.357-7.5-7.5-7.5h-29.75v-41.11h29.75c4.143 0 7.5-3.358 7.5-7.5v-80.394c0-4.142-3.357-7.5-7.5-7.5h-29.75v-44.392h77.008v297.188h-10.924zm60.331 0v-20.899h229.17v20.899zm107.085-148.188v112.289h-57.976v-23.93-64.428-23.931zm72.976 0v23.931 64.428 23.93h-57.976v-112.289zm15 95.858h19.049v16.43h-19.049zm19.048-15h-19.049v-49.428h19.049zm-180 0h-19.049v-49.428h19.049zm-19.048 15h19.049v16.43h-19.049zm199.048-79.428h-19.049v-16.431h19.049zm7.5-31.43c-73.87 0-147.74 0-221.609 0v-21.83l114.585-71.251 114.585 71.25v21.83h-7.561zm-187.5 15v16.431h-19.049v-16.431zm210.061 148.188v-28.399c0-4.142-3.357-7.5-7.5-7.5h-7.561v-23.931-64.428-23.931h7.561c4.143 0 7.5-3.358 7.5-7.5v-33.498c0-2.592-1.339-5-3.54-6.369l-122.085-75.913c-2.424-1.508-5.496-1.508-7.92 0l-122.085 75.914c-2.201 1.369-3.54 3.777-3.54 6.369v33.498c0 4.142 3.357 7.5 7.5 7.5h7.561v23.931 64.428 23.931h-7.561c-4.143 0-7.5 3.358-7.5 7.5v28.399h-19.407v-410.2h297.984v410.2h-19.407zm52.831 35.9v-28.4c0-4.142-3.357-7.5-7.5-7.5h-10.924v-297.188h77.008v44.392h-29.75c-4.143 0-7.5 3.358-7.5 7.5v80.394c0 4.142 3.357 7.5 7.5 7.5h29.75v41.11h-29.75c-4.143 0-7.5 3.358-7.5 7.5v80.393c0 4.142 3.357 7.5 7.5 7.5h29.75v56.8h-58.584zm58.584-71.8h-22.25v-65.393h22.25z\"><\/path><path d=\"m186.226 85.322h-37.25c-4.143 0-7.5 3.358-7.5 7.5v80.394c0 4.142 3.357 7.5 7.5 7.5h37.25c4.143 0 7.5-3.358 7.5-7.5v-80.394c0-4.142-3.358-7.5-7.5-7.5zm-7.5 80.394h-22.25v-65.394h22.25z\"><\/path><path d=\"m274.625 85.322h-37.25c-4.143 0-7.5 3.358-7.5 7.5v60.394c0 4.142 3.357 7.5 7.5 7.5h37.25c4.143 0 7.5-3.358 7.5-7.5v-60.394c0-4.142-3.357-7.5-7.5-7.5zm-7.5 60.394h-22.25v-45.394h22.25z\"><\/path><path d=\"m363.024 85.322h-37.25c-4.143 0-7.5 3.358-7.5 7.5v80.394c0 4.142 3.357 7.5 7.5 7.5h37.25c4.143 0 7.5-3.358 7.5-7.5v-80.394c0-4.142-3.357-7.5-7.5-7.5zm-7.5 80.394h-22.25v-65.394h22.25z\"><\/path><path d=\"m281.5 237.001h-8.71c-4.143 0-7.5 3.358-7.5 7.5v20.171c-.469 12.311-18.116 12.301-18.58 0v-20.171c0-4.142-3.357-7.5-7.5-7.5h-8.71c-9.931.344-9.923 14.659 0 15h1.21v12.671c1.225 32.188 47.367 32.163 48.58 0v-12.671h1.21c9.931-.344 9.923-14.66 0-15z\"><\/path><\/g><\/svg>\t\t\t\t\t\t<\/div>\n\t\t\t\t\t<\/div>\n\t\t\t\t\n\t\t\t\t\n\t\t\t\t\t\t\t\t\t<div class=\"elementor-cta__description elementor-cta__content-item elementor-content-item\">\n\t\t\t\t\t\tCivil H\u00e1z\t\t\t\t\t<\/div>\n\t\t\t\t\n\t\t\t\t\t\t\t\t\t<div class=\"elementor-cta__button-wrapper elementor-cta__content-item elementor-content-item\">\n\t\t\t\t\t<a class=\"elementor-cta__button elementor-button elementor-size-\" href=\"https:\/\/zalakaros.ap4.hu\/de\/civil-haz\/\">\n\t\t\t\t\t\tTov\u00e1bb\t\t\t\t\t<\/a>\n\t\t\t\t\t<\/div>\n\t\t\t\t\t\t\t<\/div>\n\t\t\t\t\t\t<\/div>\n\t\t\t\t\t\t<\/div>\n\t\t\t\t<\/div>\n\t\t\t\t\t<\/div>\n\t\t\t\t<\/div>\n\t\t\t\t<\/div>","protected":false},"excerpt":{"rendered":"<p>Oktat\u00e1s M\u00f3ra Ferenc \u00c1ltal\u00e1nos Iskola \u00e9s Alapfok\u00fa M\u0171v\u00e9szeti Iskola Tov\u00e1bb Zalakarosi \u00d3voda \u00e9s B\u00f6lcs\u00f6de Tov\u00e1bb K\u00f6zm\u0171vel\u0151d\u00e9s K\u00f6z\u00f6ss\u00e9gi H\u00e1z \u00e9s K\u00f6nyvt\u00e1r Tov\u00e1bb Kertmozi Tov\u00e1bb Sportudvar Tov\u00e1bb Civil H\u00e1z Tov\u00e1bb<\/p>","protected":false},"author":1,"featured_media":0,"parent":1710,"menu_order":0,"comment_status":"closed","ping_status":"closed","template":"","meta":{"_acf_changed":false,"footnotes":""},"class_list":["post-3856","page","type-page","status-publish","hentry"],"acf":[],"_links":{"self":[{"href":"https:\/\/zalakaros.ap4.hu\/de\/wp-json\/wp\/v2\/pages\/3856","targetHints":{"allow":["GET"]}}],"collection":[{"href":"https:\/\/zalakaros.ap4.hu\/de\/wp-json\/wp\/v2\/pages"}],"about":[{"href":"https:\/\/zalakaros.ap4.hu\/de\/wp-json\/wp\/v2\/types\/page"}],"author":[{"embeddable":true,"href":"https:\/\/zalakaros.ap4.hu\/de\/wp-json\/wp\/v2\/users\/1"}],"replies":[{"embeddable":true,"href":"https:\/\/zalakaros.ap4.hu\/de\/wp-json\/wp\/v2\/comments?post=3856"}],"version-history":[{"count":34,"href":"https:\/\/zalakaros.ap4.hu\/de\/wp-json\/wp\/v2\/pages\/3856\/revisions"}],"predecessor-version":[{"id":17366,"href":"https:\/\/zalakaros.ap4.hu\/de\/wp-json\/wp\/v2\/pages\/3856\/revisions\/17366"}],"up":[{"embeddable":true,"href":"https:\/\/zalakaros.ap4.hu\/de\/wp-json\/wp\/v2\/pages\/1710"}],"wp:attachment":[{"href":"https:\/\/zalakaros.ap4.hu\/de\/wp-json\/wp\/v2\/media?parent=3856"}],"curies":[{"name":"wp","href":"https:\/\/api.w.org\/{rel}","templated":true}]}}