{"id":3851,"date":"2025-10-30T10:21:27","date_gmt":"2025-10-30T10:21:27","guid":{"rendered":"https:\/\/zalakaros.ap4.hu\/?page_id=3851"},"modified":"2025-11-04T09:39:47","modified_gmt":"2025-11-04T09:39:47","slug":"civil-haz","status":"publish","type":"page","link":"https:\/\/zalakaros.ap4.hu\/de\/onkormanyzat\/intezmenyek\/civil-haz\/","title":{"rendered":"Civil H\u00e1z"},"content":{"rendered":"<div data-elementor-type=\"wp-page\" data-elementor-id=\"3851\" class=\"elementor elementor-3851\" data-elementor-post-type=\"page\">\n\t\t\t\t<div class=\"elementor-element elementor-element-6ae05a4 e-flex e-con-boxed e-con e-parent\" data-id=\"6ae05a4\" data-element_type=\"container\" data-e-type=\"container\">\n\t\t\t\t\t<div class=\"e-con-inner\">\n\t\t\t\t<div class=\"elementor-element elementor-element-3d6580b elementor-widget elementor-widget-text-editor\" data-id=\"3d6580b\" data-element_type=\"widget\" data-e-type=\"widget\" data-widget_type=\"text-editor.default\">\n\t\t\t\t\t\t\t\t\t<p>A Civil H\u00e1z \u00e1tad\u00e1s\u00e1ra 2015. november 18-\u00e1n ker\u00fclt sor. Els\u0151sorban helyi klubok \u00e9s m\u0171v\u00e9szeti csoportok tagjai tartj\u00e1k itt programjaikat, t\u00f6bbek k\u00f6z\u00f6tt az Ez\u00fcst Klub szerd\u00e1nk\u00e9nt, a Dal\u00e1rda-Vegyeskar h\u00e9tf\u0151nk\u00e9nt, a Karosi Fiatalok p\u00e9ntekenk\u00e9nt.<\/p><p>A Civil H\u00e1zban vas\u00e1rnaponk\u00e9nt 10.00 \u00f3r\u00e1t\u00f3l reform\u00e1tus istentiszteletet tart Kov\u00e1cs Istv\u00e1n reform\u00e1tus lelkip\u00e1sztor. A Civil H\u00e1z otthont ad minden zalakarosi civil szervezet, alap\u00edtv\u00e1ny, egyes\u00fclet, klub, m\u0171v\u00e9szeti csoport sz\u00e1m\u00e1ra. A Civil H\u00e1z mindenki sz\u00e1m\u00e1ra nyitva \u00e1ll, b\u00e9relhet\u0151, t\u00f6bb programnak is helyet ad. Ilyen p\u00e9ld\u00e1ul a Baba-mama klub \u201eKerek\u00edt\u0151\u201d foglalkoz\u00e1sa, labdar\u00fag\u00e1st szeret\u0151k r\u00e9sz\u00e9re labdar\u00fag\u00f3 m\u00e9rk\u0151z\u00e9sek megtekint\u00e9se, civil szervezetek gy\u0171l\u00e9sei stb. A Civil H\u00e1z ig\u00e9nybev\u00e9tel\u00e9hez a a Zalakarosi K\u00f6z\u00f6ss\u00e9gi H\u00e1z \u00e9s K\u00f6nyvt\u00e1r el\u00e9rhet\u0151s\u00e9gein (telefon: 06 30 98 33 944) el\u0151zetes bejelentkez\u00e9s sz\u00fcks\u00e9ges.<\/p>\t\t\t\t\t\t\t\t<\/div>\n\t\t\t\t\t<\/div>\n\t\t\t\t<\/div>\n\t\t\t\t<\/div>","protected":false},"excerpt":{"rendered":"<p>A Civil H\u00e1z \u00e1tad\u00e1s\u00e1ra 2015. november 18-\u00e1n ker\u00fclt sor. Els\u0151sorban helyi klubok \u00e9s m\u0171v\u00e9szeti csoportok tagjai tartj\u00e1k itt programjaikat, t\u00f6bbek k\u00f6z\u00f6tt az Ez\u00fcst Klub szerd\u00e1nk\u00e9nt, a Dal\u00e1rda-Vegyeskar h\u00e9tf\u0151nk\u00e9nt, a Karosi [&hellip;]<\/p>\n","protected":false},"author":1,"featured_media":0,"parent":3856,"menu_order":0,"comment_status":"closed","ping_status":"closed","template":"","meta":{"_acf_changed":false,"footnotes":""},"class_list":["post-3851","page","type-page","status-publish","hentry"],"acf":[],"_links":{"self":[{"href":"https:\/\/zalakaros.ap4.hu\/de\/wp-json\/wp\/v2\/pages\/3851","targetHints":{"allow":["GET"]}}],"collection":[{"href":"https:\/\/zalakaros.ap4.hu\/de\/wp-json\/wp\/v2\/pages"}],"about":[{"href":"https:\/\/zalakaros.ap4.hu\/de\/wp-json\/wp\/v2\/types\/page"}],"author":[{"embeddable":true,"href":"https:\/\/zalakaros.ap4.hu\/de\/wp-json\/wp\/v2\/users\/1"}],"replies":[{"embeddable":true,"href":"https:\/\/zalakaros.ap4.hu\/de\/wp-json\/wp\/v2\/comments?post=3851"}],"version-history":[{"count":4,"href":"https:\/\/zalakaros.ap4.hu\/de\/wp-json\/wp\/v2\/pages\/3851\/revisions"}],"predecessor-version":[{"id":3855,"href":"https:\/\/zalakaros.ap4.hu\/de\/wp-json\/wp\/v2\/pages\/3851\/revisions\/3855"}],"up":[{"embeddable":true,"href":"https:\/\/zalakaros.ap4.hu\/de\/wp-json\/wp\/v2\/pages\/3856"}],"wp:attachment":[{"href":"https:\/\/zalakaros.ap4.hu\/de\/wp-json\/wp\/v2\/media?parent=3851"}],"curies":[{"name":"wp","href":"https:\/\/api.w.org\/{rel}","templated":true}]}}