{"id":3552,"date":"2025-10-29T10:02:27","date_gmt":"2025-10-29T10:02:27","guid":{"rendered":"https:\/\/zalakaros.ap4.hu\/?page_id=3552"},"modified":"2025-11-06T16:47:24","modified_gmt":"2025-11-06T16:47:24","slug":"kozvilagitasi-hibabejelento","status":"publish","type":"page","link":"https:\/\/zalakaros.ap4.hu\/de\/onkormanyzat\/kozvilagitasi-hibabejelento\/","title":{"rendered":"Fehleranzeige der Stra\u00dfenbeleuchtung"},"content":{"rendered":"\t\t<div data-elementor-type=\"wp-page\" data-elementor-id=\"3552\" class=\"elementor elementor-3552\" data-elementor-post-type=\"page\">\n\t\t\t\t<div class=\"elementor-element elementor-element-d26e81e e-flex e-con-boxed e-con e-parent\" data-id=\"d26e81e\" data-element_type=\"container\" data-e-type=\"container\" data-settings=\"{&quot;background_background&quot;:&quot;classic&quot;}\">\n\t\t\t\t\t<div class=\"e-con-inner\">\n\t\t\t\t<div class=\"elementor-element elementor-element-47fbffc elementor-button-align-end elementor-mobile-button-align-center elementor-widget elementor-widget-form\" data-id=\"47fbffc\" data-element_type=\"widget\" data-e-type=\"widget\" data-settings=\"{&quot;step_next_label&quot;:&quot;Next&quot;,&quot;step_previous_label&quot;:&quot;Previous&quot;,&quot;button_width&quot;:&quot;100&quot;,&quot;step_type&quot;:&quot;number_text&quot;,&quot;step_icon_shape&quot;:&quot;circle&quot;}\" data-widget_type=\"form.default\">\n\t\t\t\t\t\t\t<form class=\"elementor-form\" method=\"post\" name=\"New Form\" aria-label=\"New Form\">\n\t\t\t<input type=\"hidden\" name=\"post_id\" value=\"3552\"\/>\n\t\t\t<input type=\"hidden\" name=\"form_id\" value=\"47fbffc\"\/>\n\t\t\t<input type=\"hidden\" name=\"referer_title\" value=\"K\u00f6zvil\u00e1g\u00edt\u00e1si hibabejelent\u0151 - Zalakaros\" \/>\n\n\t\t\t\t\t\t\t<input type=\"hidden\" name=\"queried_id\" value=\"3552\"\/>\n\t\t\t\n\t\t\t<div class=\"elementor-form-fields-wrapper elementor-labels-above\">\n\t\t\t\t\t\t\t\t<div class=\"elementor-field-type-text elementor-field-group elementor-column elementor-field-group-name elementor-col-100\">\n\t\t\t\t\t\t\t\t\t\t\t\t<label for=\"form-field-name\" class=\"elementor-field-label\">\n\t\t\t\t\t\t\t\tK\u00f6zter\u00fclet megnevez\u00e9se\t\t\t\t\t\t\t<\/label>\n\t\t\t\t\t\t\t\t\t\t\t\t\t\t<input size=\"1\" type=\"text\" name=\"form_fields[name]\" id=\"form-field-name\" class=\"elementor-field elementor-size-md  elementor-field-textual\">\n\t\t\t\t\t\t\t\t\t\t\t<\/div>\n\t\t\t\t\t\t\t\t<div class=\"elementor-field-type-email elementor-field-group elementor-column elementor-field-group-email elementor-col-50 elementor-field-required\">\n\t\t\t\t\t\t\t\t\t\t\t\t<label for=\"form-field-email\" class=\"elementor-field-label\">\n\t\t\t\t\t\t\t\tH\u00e1zsz\u00e1m(ok)\t\t\t\t\t\t\t<\/label>\n\t\t\t\t\t\t\t\t\t\t\t\t\t\t<input size=\"1\" type=\"email\" name=\"form_fields[email]\" id=\"form-field-email\" class=\"elementor-field elementor-size-md  elementor-field-textual\" placeholder=\"Pl. &quot;3.&quot; &quot;7-11&quot; &quot;40,44&quot;\" required=\"required\">\n\t\t\t\t\t\t\t\t\t\t\t<\/div>\n\t\t\t\t\t\t\t\t<div class=\"elementor-field-type-tel elementor-field-group elementor-column elementor-field-group-field_f5f1e1b elementor-col-50\">\n\t\t\t\t\t\t\t\t\t\t\t\t<label for=\"form-field-field_f5f1e1b\" class=\"elementor-field-label\">\n\t\t\t\t\t\t\t\tOszlop azonos\u00edt\u00f3sz\u00e1ma\t\t\t\t\t\t\t<\/label>\n\t\t\t\t\t\t\t\t<input size=\"1\" type=\"tel\" name=\"form_fields[field_f5f1e1b]\" id=\"form-field-field_f5f1e1b\" class=\"elementor-field elementor-size-md  elementor-field-textual\" placeholder=\"Pl. &quot;3.&quot; &quot;7-11&quot; &quot;40,44&quot;\" pattern=\"[0-9()#&amp;+*-=.]+\" title=\"Csak a sz\u00e1mok \u00e9s a telefonkarakterek (#, -, * stb.) fogadhat\u00f3k el.\">\n\n\t\t\t\t\t\t<\/div>\n\t\t\t\t\t\t\t\t<div class=\"elementor-field-type-radio elementor-field-group elementor-column elementor-field-group-field_bfc7b72 elementor-col-50\">\n\t\t\t\t\t\t\t\t\t\t\t\t<label for=\"form-field-field_bfc7b72\" class=\"elementor-field-label\">\n\t\t\t\t\t\t\t\tH\u00e1ny f\u00e9nyforr\u00e1s nem vil\u00e1g\u00edt?\t\t\t\t\t\t\t<\/label>\n\t\t\t\t\t\t<div class=\"elementor-field-subgroup  \"><span class=\"elementor-field-option\"><input type=\"radio\" value=\"1 vagy 2 f\u00e9nyforr\u00e1s nem vil\u00e1g\u00edt\" id=\"form-field-field_bfc7b72-0\" name=\"form_fields[field_bfc7b72]\"> <label for=\"form-field-field_bfc7b72-0\">1 vagy 2 f\u00e9nyforr\u00e1s nem vil\u00e1g\u00edt<\/label><\/span><span class=\"elementor-field-option\"><input type=\"radio\" value=\"3 vagy t\u00f6bb, egym\u00e1s melletti f\u00e9nyforr\u00e1s nem vil\u00e1g\u00edt\" id=\"form-field-field_bfc7b72-1\" name=\"form_fields[field_bfc7b72]\"> <label for=\"form-field-field_bfc7b72-1\">3 vagy t\u00f6bb, egym\u00e1s melletti f\u00e9nyforr\u00e1s nem vil\u00e1g\u00edt<\/label><\/span><\/div>\t\t\t\t<\/div>\n\t\t\t\t\t\t\t\t<div class=\"elementor-field-type-radio elementor-field-group elementor-column elementor-field-group-field_1a905df elementor-col-50\">\n\t\t\t\t\t\t\t\t\t\t\t\t<label for=\"form-field-field_1a905df\" class=\"elementor-field-label\">\n\t\t\t\t\t\t\t\tL\u00e1mp\u00e1s keresztez\u0151d\u00e9s \/ Gyalog\u00e1tkel\u0151 mellett van?\t\t\t\t\t\t\t<\/label>\n\t\t\t\t\t\t<div class=\"elementor-field-subgroup  \"><span class=\"elementor-field-option\"><input type=\"radio\" value=\"Igen\" id=\"form-field-field_1a905df-0\" name=\"form_fields[field_1a905df]\"> <label for=\"form-field-field_1a905df-0\">Igen<\/label><\/span><span class=\"elementor-field-option\"><input type=\"radio\" value=\"Nem\" id=\"form-field-field_1a905df-1\" name=\"form_fields[field_1a905df]\"> <label for=\"form-field-field_1a905df-1\">Nem<\/label><\/span><\/div>\t\t\t\t<\/div>\n\t\t\t\t\t\t\t\t<div class=\"elementor-field-type-textarea elementor-field-group elementor-column elementor-field-group-field_3be0f33 elementor-col-100\">\n\t\t\t\t\t\t\t\t\t\t\t\t<label for=\"form-field-field_3be0f33\" class=\"elementor-field-label\">\n\t\t\t\t\t\t\t\tHiba le\u00edr\u00e1sa\t\t\t\t\t\t\t<\/label>\n\t\t\t\t\t\t<textarea class=\"elementor-field-textual elementor-field  elementor-size-md\" name=\"form_fields[field_3be0f33]\" id=\"form-field-field_3be0f33\" rows=\"4\" placeholder=\"P\u00e9ld\u00e1ul: nem vil\u00e1g\u00edt, halv\u00e1nyan vil\u00e1g\u00edt, vibr\u00e1l, s\u00e9r\u00fclt, rong\u00e1lt, leszakadt vezet\u00e9k, kid\u0151lt oszlop stb.\"><\/textarea>\t\t\t\t<\/div>\n\t\t\t\t\t\t\t\t<div class=\"elementor-field-type-upload elementor-field-group elementor-column elementor-field-group-field_666acf8 elementor-col-100\">\n\t\t\t\t\t\t\t\t\t\t\t\t<label for=\"form-field-field_666acf8\" class=\"elementor-field-label\">\n\t\t\t\t\t\t\t\tHelysz\u00edni fot\u00f3 (opcion\u00e1lis):\t\t\t\t\t\t\t<\/label>\n\t\t\t\t\t\t\t\t<input type=\"file\" name=\"form_fields[field_666acf8]\" id=\"form-field-field_666acf8\" class=\"elementor-field elementor-size-md  elementor-upload-field\">\n\n\t\t\t\t\t\t<\/div>\n\t\t\t\t\t\t\t\t<div class=\"elementor-field-type-text elementor-field-group elementor-column elementor-field-group-field_62c84ec elementor-col-100\">\n\t\t\t\t\t\t\t\t\t\t\t\t<label for=\"form-field-field_62c84ec\" class=\"elementor-field-label\">\n\t\t\t\t\t\t\t\tBejelent\u0151 neve\t\t\t\t\t\t\t<\/label>\n\t\t\t\t\t\t\t\t\t\t\t\t\t\t<input size=\"1\" type=\"text\" name=\"form_fields[field_62c84ec]\" id=\"form-field-field_62c84ec\" class=\"elementor-field elementor-size-md  elementor-field-textual\">\n\t\t\t\t\t\t\t\t\t\t\t<\/div>\n\t\t\t\t\t\t\t\t<div class=\"elementor-field-type-text elementor-field-group elementor-column elementor-field-group-field_936300c elementor-col-50\">\n\t\t\t\t\t\t\t\t\t\t\t\t<label for=\"form-field-field_936300c\" class=\"elementor-field-label\">\n\t\t\t\t\t\t\t\tEmail c\u00edm - a visszaigazol\u00e1shoz\t\t\t\t\t\t\t<\/label>\n\t\t\t\t\t\t\t\t\t\t\t\t\t\t<input size=\"1\" type=\"text\" name=\"form_fields[field_936300c]\" id=\"form-field-field_936300c\" class=\"elementor-field elementor-size-md  elementor-field-textual\">\n\t\t\t\t\t\t\t\t\t\t\t<\/div>\n\t\t\t\t\t\t\t\t<div class=\"elementor-field-type-text elementor-field-group elementor-column elementor-field-group-field_c24c7e6 elementor-col-50\">\n\t\t\t\t\t\t\t\t\t\t\t\t<label for=\"form-field-field_c24c7e6\" class=\"elementor-field-label\">\n\t\t\t\t\t\t\t\tTelefonsz\u00e1m - hibac\u00edm esetleges pontos\u00edt\u00e1s\u00e1hoz\t\t\t\t\t\t\t<\/label>\n\t\t\t\t\t\t\t\t\t\t\t\t\t\t<input size=\"1\" type=\"text\" name=\"form_fields[field_c24c7e6]\" id=\"form-field-field_c24c7e6\" class=\"elementor-field elementor-size-md  elementor-field-textual\">\n\t\t\t\t\t\t\t\t\t\t\t<\/div>\n\t\t\t\t\t\t\t\t<div class=\"elementor-field-type-acceptance elementor-field-group elementor-column elementor-field-group-field_e07ff49 elementor-col-100\">\n\t\t\t\t\t\t\t<div class=\"elementor-field-subgroup\">\n\t\t\t<span class=\"elementor-field-option\">\n\t\t\t\t<input type=\"checkbox\" name=\"form_fields[field_e07ff49]\" id=\"form-field-field_e07ff49\" class=\"elementor-field elementor-size-md  elementor-acceptance-field\">\n\t\t\t\t<label for=\"form-field-field_e07ff49\">Elolvastam \u00e9s elfogadom az <a href=\"https:\/\/zalakaros.ap4.hu\/adatvedelmi-nyilatkozat\/\" target=\"_blank\">Adatkezel\u00e9si t\u00e1j\u00e9koztat\u00f3ban<\/a> foglaltakat.\n<\/label>\t\t\t<\/span>\n\t\t<\/div>\n\t\t\t\t\t\t<\/div>\n\t\t\t\t\t\t\t\t<div class=\"elementor-field-group elementor-column elementor-field-type-submit elementor-col-100 e-form__buttons\">\n\t\t\t\t\t<button class=\"elementor-button elementor-size-sm elementor-animation-grow\" type=\"submit\">\n\t\t\t\t\t\t<span class=\"elementor-button-content-wrapper\">\n\t\t\t\t\t\t\t\t\t\t\t\t\t\t\t\t\t\t\t\t\t\t<span class=\"elementor-button-text\">Elk\u00fcld\u00f6m<\/span>\n\t\t\t\t\t\t\t\t\t\t\t\t\t<\/span>\n\t\t\t\t\t<\/button>\n\t\t\t\t<\/div>\n\t\t\t<\/div>\n\t\t<\/form>\n\t\t\t\t\t\t<\/div>\n\t\t\t\t\t<\/div>\n\t\t\t\t<\/div>\n\t\t\t\t<\/div>\n\t\t","protected":false},"excerpt":{"rendered":"","protected":false},"author":1,"featured_media":0,"parent":1710,"menu_order":0,"comment_status":"closed","ping_status":"closed","template":"","meta":{"_acf_changed":false,"footnotes":""},"class_list":["post-3552","page","type-page","status-publish","hentry"],"acf":[],"_links":{"self":[{"href":"https:\/\/zalakaros.ap4.hu\/de\/wp-json\/wp\/v2\/pages\/3552","targetHints":{"allow":["GET"]}}],"collection":[{"href":"https:\/\/zalakaros.ap4.hu\/de\/wp-json\/wp\/v2\/pages"}],"about":[{"href":"https:\/\/zalakaros.ap4.hu\/de\/wp-json\/wp\/v2\/types\/page"}],"author":[{"embeddable":true,"href":"https:\/\/zalakaros.ap4.hu\/de\/wp-json\/wp\/v2\/users\/1"}],"replies":[{"embeddable":true,"href":"https:\/\/zalakaros.ap4.hu\/de\/wp-json\/wp\/v2\/comments?post=3552"}],"version-history":[{"count":13,"href":"https:\/\/zalakaros.ap4.hu\/de\/wp-json\/wp\/v2\/pages\/3552\/revisions"}],"predecessor-version":[{"id":4800,"href":"https:\/\/zalakaros.ap4.hu\/de\/wp-json\/wp\/v2\/pages\/3552\/revisions\/4800"}],"up":[{"embeddable":true,"href":"https:\/\/zalakaros.ap4.hu\/de\/wp-json\/wp\/v2\/pages\/1710"}],"wp:attachment":[{"href":"https:\/\/zalakaros.ap4.hu\/de\/wp-json\/wp\/v2\/media?parent=3552"}],"curies":[{"name":"wp","href":"https:\/\/api.w.org\/{rel}","templated":true}]}}